{"id":18924,"date":"2022-04-05T18:28:27","date_gmt":"2022-04-05T22:28:27","guid":{"rendered":"https:\/\/loftybrickell.com\/residencias\/"},"modified":"2022-10-21T13:50:23","modified_gmt":"2022-10-21T17:50:23","slug":"residencias","status":"publish","type":"page","link":"https:\/\/loftybrickell.com\/es\/residencias\/","title":{"rendered":"Residencias"},"content":{"rendered":"\t\t<div data-elementor-type=\"wp-page\" data-elementor-id=\"18924\" class=\"elementor elementor-18924 elementor-1088\" data-elementor-post-type=\"page\">\n\t\t\t\t\t\t<section class=\"elementor-section elementor-top-section elementor-element elementor-element-5799acb elementor-section-items-stretch elementor-section-content-bottom section-gutters flush-top elementor-section-height-min-height animated-slow elementor-section-boxed elementor-section-height-default elementor-invisible\" data-id=\"5799acb\" data-element_type=\"section\" data-e-type=\"section\" data-settings=\"{&quot;background_background&quot;:&quot;classic&quot;,&quot;animation&quot;:&quot;fadeIn&quot;,&quot;animation_delay&quot;:100}\">\n\t\t\t\t\t\t<div class=\"elementor-container elementor-column-gap-no\">\n\t\t\t\t\t<div class=\"elementor-column elementor-col-100 elementor-top-column elementor-element elementor-element-9d49916\" data-id=\"9d49916\" data-element_type=\"column\" data-e-type=\"column\">\n\t\t\t<div class=\"elementor-widget-wrap elementor-element-populated\">\n\t\t\t\t\t\t<div class=\"elementor-element elementor-element-ab1382c elementor-widget__width-auto elementor-widget elementor-widget-heading\" data-id=\"ab1382c\" data-element_type=\"widget\" data-e-type=\"widget\" data-widget_type=\"heading.default\">\n\t\t\t\t<div class=\"elementor-widget-container\">\n\t\t\t\t\t<h3 class=\"elementor-heading-title elementor-size-default\">LOFTY \/&nbsp;<\/h3>\t\t\t\t<\/div>\n\t\t\t\t<\/div>\n\t\t\t\t<div class=\"elementor-element elementor-element-c0b073e elementor-widget__width-auto elementor-widget elementor-widget-heading\" data-id=\"c0b073e\" data-element_type=\"widget\" data-e-type=\"widget\" data-widget_type=\"heading.default\">\n\t\t\t\t<div class=\"elementor-widget-container\">\n\t\t\t\t\t<h3 class=\"elementor-heading-title elementor-size-default\">Residencias<\/h3>\t\t\t\t<\/div>\n\t\t\t\t<\/div>\n\t\t\t\t\t<\/div>\n\t\t<\/div>\n\t\t\t\t\t<\/div>\n\t\t<\/section>\n\t\t\t\t<section class=\"elementor-section elementor-top-section elementor-element elementor-element-ee55e32 elementor-section-full_width elementor-section-height-default elementor-section-height-default\" data-id=\"ee55e32\" data-element_type=\"section\" data-e-type=\"section\">\n\t\t\t\t\t\t<div class=\"elementor-container elementor-column-gap-no\">\n\t\t\t\t\t<div class=\"elementor-column elementor-col-100 elementor-top-column elementor-element elementor-element-1bb5e7c\" data-id=\"1bb5e7c\" data-element_type=\"column\" data-e-type=\"column\">\n\t\t\t<div class=\"elementor-widget-wrap elementor-element-populated\">\n\t\t\t\t\t\t<div class=\"elementor-element elementor-element-aa5636b elementor-widget elementor-widget-spacer\" data-id=\"aa5636b\" data-element_type=\"widget\" data-e-type=\"widget\" data-widget_type=\"spacer.default\">\n\t\t\t\t<div class=\"elementor-widget-container\">\n\t\t\t\t\t\t\t<div class=\"elementor-spacer\">\n\t\t\t<div class=\"elementor-spacer-inner\"><\/div>\n\t\t<\/div>\n\t\t\t\t\t\t<\/div>\n\t\t\t\t<\/div>\n\t\t\t\t\t<\/div>\n\t\t<\/div>\n\t\t\t\t\t<\/div>\n\t\t<\/section>\n\t\t\t\t<section class=\"elementor-section elementor-top-section elementor-element elementor-element-433be90 content-gutters elementor-section-boxed elementor-section-height-default elementor-section-height-default\" data-id=\"433be90\" data-element_type=\"section\" data-e-type=\"section\">\n\t\t\t\t\t\t<div class=\"elementor-container elementor-column-gap-no\">\n\t\t\t\t\t<div class=\"elementor-column elementor-col-100 elementor-top-column elementor-element elementor-element-2d558bd\" data-id=\"2d558bd\" data-element_type=\"column\" data-e-type=\"column\">\n\t\t\t<div class=\"elementor-widget-wrap elementor-element-populated\">\n\t\t\t\t\t\t<div class=\"elementor-element elementor-element-bb18e60 elementor-widget elementor-widget-heading\" data-id=\"bb18e60\" data-element_type=\"widget\" data-e-type=\"widget\" data-widget_type=\"heading.default\">\n\t\t\t\t<div class=\"elementor-widget-container\">\n\t\t\t\t\t<h6 class=\"elementor-heading-title elementor-size-default\">SUPERIOR EN TODOS LOS SENTIDOS<\/h6>\t\t\t\t<\/div>\n\t\t\t\t<\/div>\n\t\t\t\t<div class=\"elementor-element elementor-element-5df5a79 elementor-widget elementor-widget-heading\" data-id=\"5df5a79\" data-element_type=\"widget\" data-e-type=\"widget\" data-widget_type=\"heading.default\">\n\t\t\t\t<div class=\"elementor-widget-container\">\n\t\t\t\t\t<h3 class=\"elementor-heading-title elementor-size-default\">Vivir al estilo Lofty<\/h3>\t\t\t\t<\/div>\n\t\t\t\t<\/div>\n\t\t\t\t<div class=\"elementor-element elementor-element-9c59e12 elementor-widget elementor-widget-image\" data-id=\"9c59e12\" data-element_type=\"widget\" data-e-type=\"widget\" data-widget_type=\"image.default\">\n\t\t\t\t<div class=\"elementor-widget-container\">\n\t\t\t\t\t\t\t\t\t\t\t\t\t\t\t<img fetchpriority=\"high\" decoding=\"async\" width=\"1402\" height=\"790\" src=\"https:\/\/i0.wp.com\/loftybrickell.com\/wp-content\/uploads\/Mask-Group-20-1.jpg?fit=1402%2C790&amp;quality=89&amp;ssl=1\" class=\"attachment-full size-full wp-image-14821\" alt=\"\" srcset=\"https:\/\/i0.wp.com\/loftybrickell.com\/wp-content\/uploads\/Mask-Group-20-1.jpg?w=1402&amp;quality=89&amp;ssl=1 1402w, https:\/\/i0.wp.com\/loftybrickell.com\/wp-content\/uploads\/Mask-Group-20-1.jpg?resize=600%2C338&amp;quality=89&amp;ssl=1 600w, https:\/\/i0.wp.com\/loftybrickell.com\/wp-content\/uploads\/Mask-Group-20-1.jpg?resize=1200%2C676&amp;quality=89&amp;ssl=1 1200w, https:\/\/i0.wp.com\/loftybrickell.com\/wp-content\/uploads\/Mask-Group-20-1.jpg?resize=300%2C169&amp;quality=89&amp;ssl=1 300w, https:\/\/i0.wp.com\/loftybrickell.com\/wp-content\/uploads\/Mask-Group-20-1.jpg?resize=768%2C433&amp;quality=89&amp;ssl=1 768w\" sizes=\"(max-width: 800px) 100vw, 800px\" \/>\t\t\t\t\t\t\t\t\t\t\t\t\t\t\t<\/div>\n\t\t\t\t<\/div>\n\t\t\t\t<div class=\"elementor-element elementor-element-2101cab elementor-widget__width-inherit elementor-widget elementor-widget-heading\" data-id=\"2101cab\" data-element_type=\"widget\" data-e-type=\"widget\" data-widget_type=\"heading.default\">\n\t\t\t\t<div class=\"elementor-widget-container\">\n\t\t\t\t\t<p class=\"elementor-heading-title elementor-size-default\">Renders conceptuales del artista<\/p>\t\t\t\t<\/div>\n\t\t\t\t<\/div>\n\t\t\t\t\t<\/div>\n\t\t<\/div>\n\t\t\t\t\t<\/div>\n\t\t<\/section>\n\t\t\t\t<section class=\"elementor-section elementor-top-section elementor-element elementor-element-1a15417 elementor-section-content-middle content-gutters elementor-reverse-mobile elementor-section-boxed elementor-section-height-default elementor-section-height-default\" data-id=\"1a15417\" data-element_type=\"section\" data-e-type=\"section\">\n\t\t\t\t\t\t<div class=\"elementor-container elementor-column-gap-no\">\n\t\t\t\t\t<div class=\"elementor-column elementor-col-50 elementor-top-column elementor-element elementor-element-a17907a\" data-id=\"a17907a\" data-element_type=\"column\" data-e-type=\"column\">\n\t\t\t<div class=\"elementor-widget-wrap elementor-element-populated\">\n\t\t\t\t\t\t<div class=\"elementor-element elementor-element-528a89f elementor-widget elementor-widget-image\" data-id=\"528a89f\" data-element_type=\"widget\" data-e-type=\"widget\" data-widget_type=\"image.default\">\n\t\t\t\t<div class=\"elementor-widget-container\">\n\t\t\t\t\t\t\t\t\t\t\t\t\t\t\t<img decoding=\"async\" width=\"694\" height=\"826\" src=\"https:\/\/i0.wp.com\/loftybrickell.com\/wp-content\/uploads\/Mask-Group-25.jpg?fit=694%2C826&amp;quality=89&amp;ssl=1\" class=\"attachment-full size-full wp-image-14738\" alt=\"\" srcset=\"https:\/\/i0.wp.com\/loftybrickell.com\/wp-content\/uploads\/Mask-Group-25.jpg?w=694&amp;quality=89&amp;ssl=1 694w, https:\/\/i0.wp.com\/loftybrickell.com\/wp-content\/uploads\/Mask-Group-25.jpg?resize=504%2C600&amp;quality=89&amp;ssl=1 504w, https:\/\/i0.wp.com\/loftybrickell.com\/wp-content\/uploads\/Mask-Group-25.jpg?resize=252%2C300&amp;quality=89&amp;ssl=1 252w\" sizes=\"(max-width: 694px) 100vw, 694px\" \/>\t\t\t\t\t\t\t\t\t\t\t\t\t\t\t<\/div>\n\t\t\t\t<\/div>\n\t\t\t\t<div class=\"elementor-element elementor-element-10edf98 elementor-widget__width-inherit elementor-widget elementor-widget-heading\" data-id=\"10edf98\" data-element_type=\"widget\" data-e-type=\"widget\" data-widget_type=\"heading.default\">\n\t\t\t\t<div class=\"elementor-widget-container\">\n\t\t\t\t\t<p class=\"elementor-heading-title elementor-size-default\">Renders conceptuales del artista<\/p>\t\t\t\t<\/div>\n\t\t\t\t<\/div>\n\t\t\t\t\t<\/div>\n\t\t<\/div>\n\t\t\t\t<div class=\"elementor-column elementor-col-50 elementor-top-column elementor-element elementor-element-29d62d2\" data-id=\"29d62d2\" data-element_type=\"column\" data-e-type=\"column\">\n\t\t\t<div class=\"elementor-widget-wrap elementor-element-populated\">\n\t\t\t\t\t\t<div class=\"elementor-element elementor-element-5a24ca3 elementor-widget elementor-widget-text-editor\" data-id=\"5a24ca3\" data-element_type=\"widget\" data-e-type=\"widget\" data-widget_type=\"text-editor.default\">\n\t\t\t\t<div class=\"elementor-widget-container\">\n\t\t\t\t\t\t\t\t\t<h3>Residencias de club de lujo, con un colorido y meticuloso acabado para crear una atm\u00f3sfera de gran energ\u00eda y car\u00e1cter l\u00fadico.\u00a0<\/h3><p>\u00a0<\/p><p>LOFTY ofrece una experiencia consistentemente impecable en todos los tama\u00f1os y dise\u00f1os de residencias, y una sensaci\u00f3n de familiaridad y pertenencia donde sea que est\u00e9. Cada detalle est\u00e1 pensado deliberadamente, desde la m\u00fasica hasta la iluminaci\u00f3n y el mobiliario, para lograr una perfecta armon\u00eda espacial y crear una sensaci\u00f3n inherente de hogar.<\/p>\t\t\t\t\t\t\t\t<\/div>\n\t\t\t\t<\/div>\n\t\t\t\t\t<\/div>\n\t\t<\/div>\n\t\t\t\t\t<\/div>\n\t\t<\/section>\n\t\t\t\t<section class=\"elementor-section elementor-top-section elementor-element elementor-element-ae4261c elementor-section-content-middle content-gutters elementor-section-boxed elementor-section-height-default elementor-section-height-default\" data-id=\"ae4261c\" data-element_type=\"section\" data-e-type=\"section\">\n\t\t\t\t\t\t<div class=\"elementor-container elementor-column-gap-no\">\n\t\t\t\t\t<div class=\"elementor-column elementor-col-50 elementor-top-column elementor-element elementor-element-a3cdb2d\" data-id=\"a3cdb2d\" data-element_type=\"column\" data-e-type=\"column\">\n\t\t\t<div class=\"elementor-widget-wrap elementor-element-populated\">\n\t\t\t\t\t\t<div class=\"elementor-element elementor-element-8d4a654 elementor-widget elementor-widget-text-editor\" data-id=\"8d4a654\" data-element_type=\"widget\" data-e-type=\"widget\" data-widget_type=\"text-editor.default\">\n\t\t\t\t<div class=\"elementor-widget-container\">\n\t\t\t\t\t\t\t\t\t<p>Todas las viviendas de LOFTY est\u00e1n completamente listas y amuebladas, y han sido dise\u00f1adas por los mejores dise\u00f1adores de interiores del sector, INC. Dispone de espacios abiertos y amplios, con balcones privados con vistas panor\u00e1micas al r\u00edo Miami y al horizonte. Los techos oscilan entre los 9 y los 10 pies, con puertas de cristal que van desde el suelo hasta el techo y cocinas de ensue\u00f1o dise\u00f1adas con encimeras de piedra elegantes y electrodom\u00e9sticos de primera categor\u00eda. Ba\u00f1os inspirados en los spas, con suelos y paredes con acabados personalizados, duchas de cristal sin marco y detalles refinados. Y eso es solo el principio.<\/p>\t\t\t\t\t\t\t\t<\/div>\n\t\t\t\t<\/div>\n\t\t\t\t\t<\/div>\n\t\t<\/div>\n\t\t\t\t<div class=\"elementor-column elementor-col-50 elementor-top-column elementor-element elementor-element-a446a2a\" data-id=\"a446a2a\" data-element_type=\"column\" data-e-type=\"column\">\n\t\t\t<div class=\"elementor-widget-wrap elementor-element-populated\">\n\t\t\t\t\t\t<div class=\"elementor-element elementor-element-6705c6d elementor-widget elementor-widget-image\" data-id=\"6705c6d\" data-element_type=\"widget\" data-e-type=\"widget\" data-widget_type=\"image.default\">\n\t\t\t\t<div class=\"elementor-widget-container\">\n\t\t\t\t\t\t\t\t\t\t\t\t\t\t\t<img decoding=\"async\" width=\"794\" height=\"945\" src=\"https:\/\/i0.wp.com\/loftybrickell.com\/wp-content\/uploads\/Mask-Group-23.jpg?fit=794%2C945&amp;quality=89&amp;ssl=1\" class=\"attachment-full size-full wp-image-14736\" alt=\"\" srcset=\"https:\/\/i0.wp.com\/loftybrickell.com\/wp-content\/uploads\/Mask-Group-23.jpg?w=794&amp;quality=89&amp;ssl=1 794w, https:\/\/i0.wp.com\/loftybrickell.com\/wp-content\/uploads\/Mask-Group-23.jpg?resize=504%2C600&amp;quality=89&amp;ssl=1 504w, https:\/\/i0.wp.com\/loftybrickell.com\/wp-content\/uploads\/Mask-Group-23.jpg?resize=252%2C300&amp;quality=89&amp;ssl=1 252w, https:\/\/i0.wp.com\/loftybrickell.com\/wp-content\/uploads\/Mask-Group-23.jpg?resize=768%2C914&amp;quality=89&amp;ssl=1 768w\" sizes=\"(max-width: 794px) 100vw, 794px\" \/>\t\t\t\t\t\t\t\t\t\t\t\t\t\t\t<\/div>\n\t\t\t\t<\/div>\n\t\t\t\t<div class=\"elementor-element elementor-element-a845bad elementor-widget__width-inherit elementor-widget elementor-widget-heading\" data-id=\"a845bad\" data-element_type=\"widget\" data-e-type=\"widget\" data-widget_type=\"heading.default\">\n\t\t\t\t<div class=\"elementor-widget-container\">\n\t\t\t\t\t<p class=\"elementor-heading-title elementor-size-default\">Renders conceptuales del artista<\/p>\t\t\t\t<\/div>\n\t\t\t\t<\/div>\n\t\t\t\t\t<\/div>\n\t\t<\/div>\n\t\t\t\t\t<\/div>\n\t\t<\/section>\n\t\t\t\t<section class=\"elementor-section elementor-top-section elementor-element elementor-element-db3524a elementor-section-content-middle content-gutters elementor-section-boxed elementor-section-height-default elementor-section-height-default\" data-id=\"db3524a\" data-element_type=\"section\" data-e-type=\"section\">\n\t\t\t\t\t\t<div class=\"elementor-container elementor-column-gap-no\">\n\t\t\t\t\t<div class=\"elementor-column elementor-col-50 elementor-top-column elementor-element elementor-element-0dad9d4\" data-id=\"0dad9d4\" data-element_type=\"column\" data-e-type=\"column\">\n\t\t\t<div class=\"elementor-widget-wrap elementor-element-populated\">\n\t\t\t\t\t\t<div class=\"elementor-element elementor-element-a6bec3f elementor-widget elementor-widget-image\" data-id=\"a6bec3f\" data-element_type=\"widget\" data-e-type=\"widget\" data-widget_type=\"image.default\">\n\t\t\t\t<div class=\"elementor-widget-container\">\n\t\t\t\t\t\t\t\t\t\t\t\t\t\t\t<img loading=\"lazy\" decoding=\"async\" width=\"694\" height=\"826\" src=\"https:\/\/i0.wp.com\/loftybrickell.com\/wp-content\/uploads\/Mask-Group-21-2.jpg?fit=694%2C826&amp;quality=89&amp;ssl=1\" class=\"attachment-full size-full wp-image-14817\" alt=\"\" srcset=\"https:\/\/i0.wp.com\/loftybrickell.com\/wp-content\/uploads\/Mask-Group-21-2.jpg?w=694&amp;quality=89&amp;ssl=1 694w, https:\/\/i0.wp.com\/loftybrickell.com\/wp-content\/uploads\/Mask-Group-21-2.jpg?resize=504%2C600&amp;quality=89&amp;ssl=1 504w, https:\/\/i0.wp.com\/loftybrickell.com\/wp-content\/uploads\/Mask-Group-21-2.jpg?resize=252%2C300&amp;quality=89&amp;ssl=1 252w\" sizes=\"(max-width: 694px) 100vw, 694px\" \/>\t\t\t\t\t\t\t\t\t\t\t\t\t\t\t<\/div>\n\t\t\t\t<\/div>\n\t\t\t\t<div class=\"elementor-element elementor-element-45a5a1d elementor-widget__width-inherit elementor-widget elementor-widget-heading\" data-id=\"45a5a1d\" data-element_type=\"widget\" data-e-type=\"widget\" data-widget_type=\"heading.default\">\n\t\t\t\t<div class=\"elementor-widget-container\">\n\t\t\t\t\t<p class=\"elementor-heading-title elementor-size-default\">Renders conceptuales del artista<\/p>\t\t\t\t<\/div>\n\t\t\t\t<\/div>\n\t\t\t\t\t<\/div>\n\t\t<\/div>\n\t\t\t\t<div class=\"elementor-column elementor-col-50 elementor-top-column elementor-element elementor-element-fe684cd\" data-id=\"fe684cd\" data-element_type=\"column\" data-e-type=\"column\">\n\t\t\t<div class=\"elementor-widget-wrap elementor-element-populated\">\n\t\t\t\t\t\t<div class=\"elementor-element elementor-element-97656a7 elementor-widget elementor-widget-heading\" data-id=\"97656a7\" data-element_type=\"widget\" data-e-type=\"widget\" data-widget_type=\"heading.default\">\n\t\t\t\t<div class=\"elementor-widget-container\">\n\t\t\t\t\t<h6 class=\"elementor-heading-title elementor-size-default\">Planos<\/h6>\t\t\t\t<\/div>\n\t\t\t\t<\/div>\n\t\t\t\t<div class=\"elementor-element elementor-element-a62d759 elementor-nav-menu--dropdown-none no-underline residences-links elementor-widget__width-initial elementor-widget elementor-widget-nav-menu\" data-id=\"a62d759\" data-element_type=\"widget\" data-e-type=\"widget\" data-settings=\"{&quot;_animation_mobile&quot;:&quot;none&quot;,&quot;layout&quot;:&quot;horizontal&quot;,&quot;submenu_icon&quot;:{&quot;value&quot;:&quot;&lt;svg aria-hidden=\\&quot;true\\&quot; class=\\&quot;e-font-icon-svg e-fas-caret-down\\&quot; viewBox=\\&quot;0 0 320 512\\&quot; xmlns=\\&quot;http:\\\/\\\/www.w3.org\\\/2000\\\/svg\\&quot;&gt;&lt;path d=\\&quot;M31.3 192h257.3c17.8 0 26.7 21.5 14.1 34.1L174.1 354.8c-7.8 7.8-20.5 7.8-28.3 0L17.2 226.1C4.6 213.5 13.5 192 31.3 192z\\&quot;&gt;&lt;\\\/path&gt;&lt;\\\/svg&gt;&quot;,&quot;library&quot;:&quot;fa-solid&quot;}}\" data-widget_type=\"nav-menu.default\">\n\t\t\t\t<div class=\"elementor-widget-container\">\n\t\t\t\t\t\t\t\t<nav aria-label=\"Men\u00fa\" class=\"elementor-nav-menu--main elementor-nav-menu__container elementor-nav-menu--layout-horizontal e--pointer-text e--animation-none\">\n\t\t\t\t<ul id=\"menu-1-a62d759\" class=\"elementor-nav-menu\"><li class=\"menu-item menu-item-type-post_type menu-item-object-page menu-item-19158\"><a href=\"https:\/\/loftybrickell.com\/es\/planos-de-la-planta\/estudio\/\" class=\"elementor-item\">Estudio<\/a><\/li>\n<li class=\"menu-item menu-item-type-post_type menu-item-object-page menu-item-19159\"><a href=\"https:\/\/loftybrickell.com\/es\/planos-de-la-planta\/una-habitacion\/\" class=\"elementor-item\">Una habitaci\u00f3n<\/a><\/li>\n<li class=\"menu-item menu-item-type-post_type menu-item-object-page menu-item-19160\"><a href=\"https:\/\/loftybrickell.com\/es\/planos-de-la-planta\/dos-habitaciones\/\" class=\"elementor-item\">Dos habitaciones<\/a><\/li>\n<li class=\"menu-item menu-item-type-post_type menu-item-object-page menu-item-19161\"><a href=\"https:\/\/loftybrickell.com\/es\/planos-de-la-planta\/penthouse\/\" class=\"elementor-item\">Penthouse<\/a><\/li>\n<\/ul>\t\t\t<\/nav>\n\t\t\t\t\t\t<nav class=\"elementor-nav-menu--dropdown elementor-nav-menu__container\" aria-hidden=\"true\">\n\t\t\t\t<ul id=\"menu-2-a62d759\" class=\"elementor-nav-menu\"><li class=\"menu-item menu-item-type-post_type menu-item-object-page menu-item-19158\"><a href=\"https:\/\/loftybrickell.com\/es\/planos-de-la-planta\/estudio\/\" class=\"elementor-item\" tabindex=\"-1\">Estudio<\/a><\/li>\n<li class=\"menu-item menu-item-type-post_type menu-item-object-page menu-item-19159\"><a href=\"https:\/\/loftybrickell.com\/es\/planos-de-la-planta\/una-habitacion\/\" class=\"elementor-item\" tabindex=\"-1\">Una habitaci\u00f3n<\/a><\/li>\n<li class=\"menu-item menu-item-type-post_type menu-item-object-page menu-item-19160\"><a href=\"https:\/\/loftybrickell.com\/es\/planos-de-la-planta\/dos-habitaciones\/\" class=\"elementor-item\" tabindex=\"-1\">Dos habitaciones<\/a><\/li>\n<li class=\"menu-item menu-item-type-post_type menu-item-object-page menu-item-19161\"><a href=\"https:\/\/loftybrickell.com\/es\/planos-de-la-planta\/penthouse\/\" class=\"elementor-item\" tabindex=\"-1\">Penthouse<\/a><\/li>\n<\/ul>\t\t\t<\/nav>\n\t\t\t\t\t\t<\/div>\n\t\t\t\t<\/div>\n\t\t\t\t<div class=\"elementor-element elementor-element-e9639d8 elementor-widget elementor-widget-button\" data-id=\"e9639d8\" data-element_type=\"widget\" data-e-type=\"widget\" data-widget_type=\"button.default\">\n\t\t\t\t<div class=\"elementor-widget-container\">\n\t\t\t\t\t\t\t\t\t<div class=\"elementor-button-wrapper\">\n\t\t\t\t\t<a class=\"elementor-button elementor-button-link elementor-size-sm\" href=\"https:\/\/lofty.staging.tempurl.host\/es\/solicitar-una-visita\/\">\n\t\t\t\t\t\t<span class=\"elementor-button-content-wrapper\">\n\t\t\t\t\t\t\t\t\t<span class=\"elementor-button-text\">Solicitar una visita<\/span>\n\t\t\t\t\t<\/span>\n\t\t\t\t\t<\/a>\n\t\t\t\t<\/div>\n\t\t\t\t\t\t\t\t<\/div>\n\t\t\t\t<\/div>\n\t\t\t\t\t<\/div>\n\t\t<\/div>\n\t\t\t\t\t<\/div>\n\t\t<\/section>\n\t\t\t\t<section class=\"elementor-section elementor-top-section elementor-element elementor-element-eb1095b content-gutters elementor-section-boxed elementor-section-height-default elementor-section-height-default\" data-id=\"eb1095b\" data-element_type=\"section\" data-e-type=\"section\">\n\t\t\t\t\t\t<div class=\"elementor-container elementor-column-gap-no\">\n\t\t\t\t\t<div class=\"elementor-column elementor-col-100 elementor-top-column elementor-element elementor-element-6bf498c\" data-id=\"6bf498c\" data-element_type=\"column\" data-e-type=\"column\">\n\t\t\t<div class=\"elementor-widget-wrap elementor-element-populated\">\n\t\t\t\t\t\t<div class=\"elementor-element elementor-element-01f7d16 elementor-widget elementor-widget-image\" data-id=\"01f7d16\" data-element_type=\"widget\" data-e-type=\"widget\" data-widget_type=\"image.default\">\n\t\t\t\t<div class=\"elementor-widget-container\">\n\t\t\t\t\t\t\t\t\t\t\t\t\t\t\t<img loading=\"lazy\" decoding=\"async\" width=\"1404\" height=\"790\" src=\"https:\/\/i0.wp.com\/loftybrickell.com\/wp-content\/uploads\/Mask-Group-8-2.jpg?fit=1404%2C790&amp;quality=89&amp;ssl=1\" class=\"attachment-full size-full wp-image-14819\" alt=\"\" srcset=\"https:\/\/i0.wp.com\/loftybrickell.com\/wp-content\/uploads\/Mask-Group-8-2.jpg?w=1404&amp;quality=89&amp;ssl=1 1404w, https:\/\/i0.wp.com\/loftybrickell.com\/wp-content\/uploads\/Mask-Group-8-2.jpg?resize=600%2C338&amp;quality=89&amp;ssl=1 600w, https:\/\/i0.wp.com\/loftybrickell.com\/wp-content\/uploads\/Mask-Group-8-2.jpg?resize=1200%2C675&amp;quality=89&amp;ssl=1 1200w, https:\/\/i0.wp.com\/loftybrickell.com\/wp-content\/uploads\/Mask-Group-8-2.jpg?resize=300%2C169&amp;quality=89&amp;ssl=1 300w, https:\/\/i0.wp.com\/loftybrickell.com\/wp-content\/uploads\/Mask-Group-8-2.jpg?resize=768%2C432&amp;quality=89&amp;ssl=1 768w\" sizes=\"(max-width: 800px) 100vw, 800px\" \/>\t\t\t\t\t\t\t\t\t\t\t\t\t\t\t<\/div>\n\t\t\t\t<\/div>\n\t\t\t\t<div class=\"elementor-element elementor-element-c653880 elementor-widget__width-inherit elementor-widget elementor-widget-heading\" data-id=\"c653880\" data-element_type=\"widget\" data-e-type=\"widget\" data-widget_type=\"heading.default\">\n\t\t\t\t<div class=\"elementor-widget-container\">\n\t\t\t\t\t<p class=\"elementor-heading-title elementor-size-default\">Renders conceptuales del artista<\/p>\t\t\t\t<\/div>\n\t\t\t\t<\/div>\n\t\t\t\t\t<\/div>\n\t\t<\/div>\n\t\t\t\t\t<\/div>\n\t\t<\/section>\n\t\t\t\t<\/div>\n\t\t","protected":false},"excerpt":{"rendered":"<p>LOFTY \/&nbsp; SUPERIOR EN TODOS LOS SENTIDOS Vivir al estilo Lofty Renders conceptuales del artista Renders conceptuales del artista Residencias de club de lujo, con un colorido y meticuloso acabado para crear una atm\u00f3sfera de gran energ\u00eda y car\u00e1cter l\u00fadico.\u00a0 \u00a0 LOFTY ofrece una experiencia consistentemente impecable en todos los tama\u00f1os y dise\u00f1os de residencias, [&hellip;]<\/p>\n","protected":false},"author":1,"featured_media":15452,"parent":0,"menu_order":0,"comment_status":"closed","ping_status":"closed","template":"","meta":{"footnotes":"","_links_to":"","_links_to_target":""},"class_list":["post-18924","page","type-page","status-publish","has-post-thumbnail","hentry"],"jetpack_sharing_enabled":true,"_links":{"self":[{"href":"https:\/\/loftybrickell.com\/es\/wp-json\/wp\/v2\/pages\/18924","targetHints":{"allow":["GET"]}}],"collection":[{"href":"https:\/\/loftybrickell.com\/es\/wp-json\/wp\/v2\/pages"}],"about":[{"href":"https:\/\/loftybrickell.com\/es\/wp-json\/wp\/v2\/types\/page"}],"author":[{"embeddable":true,"href":"https:\/\/loftybrickell.com\/es\/wp-json\/wp\/v2\/users\/1"}],"replies":[{"embeddable":true,"href":"https:\/\/loftybrickell.com\/es\/wp-json\/wp\/v2\/comments?post=18924"}],"version-history":[{"count":5,"href":"https:\/\/loftybrickell.com\/es\/wp-json\/wp\/v2\/pages\/18924\/revisions"}],"predecessor-version":[{"id":23115,"href":"https:\/\/loftybrickell.com\/es\/wp-json\/wp\/v2\/pages\/18924\/revisions\/23115"}],"wp:featuredmedia":[{"embeddable":true,"href":"https:\/\/loftybrickell.com\/es\/wp-json\/wp\/v2\/media\/15452"}],"wp:attachment":[{"href":"https:\/\/loftybrickell.com\/es\/wp-json\/wp\/v2\/media?parent=18924"}],"curies":[{"name":"wp","href":"https:\/\/api.w.org\/{rel}","templated":true}]}}