{"id":18937,"date":"2022-04-05T18:34:34","date_gmt":"2022-04-05T22:34:34","guid":{"rendered":"https:\/\/loftybrickell.com\/lofty-lounge\/"},"modified":"2022-09-27T12:17:03","modified_gmt":"2022-09-27T16:17:03","slug":"lofty-lounge","status":"publish","type":"page","link":"https:\/\/loftybrickell.com\/pt-br\/lofty-lounge\/","title":{"rendered":"Lofty Lounge"},"content":{"rendered":"\t\t<div data-elementor-type=\"wp-page\" data-elementor-id=\"18937\" class=\"elementor elementor-18937 elementor-1123\" data-elementor-post-type=\"page\">\n\t\t\t\t\t\t<section class=\"elementor-section elementor-top-section elementor-element elementor-element-291d636 content-gutters flush-top elementor-reverse-tablet elementor-reverse-mobile elementor-section-boxed elementor-section-height-default elementor-section-height-default\" data-id=\"291d636\" data-element_type=\"section\" data-e-type=\"section\">\n\t\t\t\t\t\t<div class=\"elementor-container elementor-column-gap-no\">\n\t\t\t\t\t<div class=\"elementor-column elementor-col-50 elementor-top-column elementor-element elementor-element-687d326\" data-id=\"687d326\" data-element_type=\"column\" data-e-type=\"column\">\n\t\t\t<div class=\"elementor-widget-wrap elementor-element-populated\">\n\t\t\t\t\t\t<div class=\"elementor-element elementor-element-fd59d92 elementor-widget elementor-widget-image\" data-id=\"fd59d92\" data-element_type=\"widget\" data-e-type=\"widget\" data-widget_type=\"image.default\">\n\t\t\t\t<div class=\"elementor-widget-container\">\n\t\t\t\t\t\t\t\t\t\t\t\t\t\t\t<img fetchpriority=\"high\" decoding=\"async\" width=\"644\" height=\"598\" src=\"https:\/\/i0.wp.com\/loftybrickell.com\/wp-content\/uploads\/sales-gallery-image.jpg?fit=644%2C598&amp;quality=89&amp;ssl=1\" class=\"attachment-full size-full wp-image-16976\" alt=\"\" srcset=\"https:\/\/i0.wp.com\/loftybrickell.com\/wp-content\/uploads\/sales-gallery-image.jpg?w=644&amp;quality=89&amp;ssl=1 644w, https:\/\/i0.wp.com\/loftybrickell.com\/wp-content\/uploads\/sales-gallery-image.jpg?resize=600%2C557&amp;quality=89&amp;ssl=1 600w, https:\/\/i0.wp.com\/loftybrickell.com\/wp-content\/uploads\/sales-gallery-image.jpg?resize=300%2C279&amp;quality=89&amp;ssl=1 300w\" sizes=\"(max-width: 644px) 100vw, 644px\" \/>\t\t\t\t\t\t\t\t\t\t\t\t\t\t\t<\/div>\n\t\t\t\t<\/div>\n\t\t\t\t\t<\/div>\n\t\t<\/div>\n\t\t\t\t<div class=\"elementor-column elementor-col-50 elementor-top-column elementor-element elementor-element-d936633\" data-id=\"d936633\" data-element_type=\"column\" data-e-type=\"column\">\n\t\t\t<div class=\"elementor-widget-wrap elementor-element-populated\">\n\t\t\t\t\t\t<div class=\"elementor-element elementor-element-1d79add elementor-widget elementor-widget-heading\" data-id=\"1d79add\" data-element_type=\"widget\" data-e-type=\"widget\" data-widget_type=\"heading.default\">\n\t\t\t\t<div class=\"elementor-widget-container\">\n\t\t\t\t\t<h1 class=\"elementor-heading-title elementor-size-default\">Agradecemos sua visita ao <\/h1>\t\t\t\t<\/div>\n\t\t\t\t<\/div>\n\t\t\t\t<div class=\"elementor-element elementor-element-d259360 elementor-widget elementor-widget-heading\" data-id=\"d259360\" data-element_type=\"widget\" data-e-type=\"widget\" data-widget_type=\"heading.default\">\n\t\t\t\t<div class=\"elementor-widget-container\">\n\t\t\t\t\t<h1 class=\"elementor-heading-title elementor-size-default\">LOFTY LOUNGE<\/h1>\t\t\t\t<\/div>\n\t\t\t\t<\/div>\n\t\t\t\t<div class=\"elementor-element elementor-element-a99ef76 elementor-widget elementor-widget-text-editor\" data-id=\"a99ef76\" data-element_type=\"widget\" data-e-type=\"widget\" data-widget_type=\"text-editor.default\">\n\t\t\t\t<div class=\"elementor-widget-container\">\n\t\t\t\t\t\t\t\t\t<p>As resid\u00eancias do LOFTY Club estabelecem um novo padr\u00e3o de propriedades flex\u00edveis, com um extenso menu de comodidades e servi\u00e7os projetados para aqueles acostumados ao luxo e inspirados pela liberdade de viver o agora.<\/p>\t\t\t\t\t\t\t\t<\/div>\n\t\t\t\t<\/div>\n\t\t\t\t<div class=\"elementor-element elementor-element-518a8f7 elementor-list-item-link-inline no-underline elementor-icon-list--layout-traditional elementor-widget elementor-widget-icon-list\" data-id=\"518a8f7\" data-element_type=\"widget\" data-e-type=\"widget\" data-widget_type=\"icon-list.default\">\n\t\t\t\t<div class=\"elementor-widget-container\">\n\t\t\t\t\t\t\t<ul class=\"elementor-icon-list-items\">\n\t\t\t\t\t\t\t<li class=\"elementor-icon-list-item\">\n\t\t\t\t\t\t\t\t\t\t<span class=\"elementor-icon-list-text\">AGENDAR UMA VISITA<\/span>\n\t\t\t\t\t\t\t\t\t<\/li>\n\t\t\t\t\t\t\t\t<li class=\"elementor-icon-list-item\">\n\t\t\t\t\t\t\t\t\t\t\t<a href=\"mailto:SALES@LOFTYBRICKELL.COM\">\n\n\t\t\t\t\t\t\t\t\t\t\t<span class=\"elementor-icon-list-text\">SALES@LOFTYBRICKELL.COM<\/span>\n\t\t\t\t\t\t\t\t\t\t\t<\/a>\n\t\t\t\t\t\t\t\t\t<\/li>\n\t\t\t\t\t\t\t\t<li class=\"elementor-icon-list-item\">\n\t\t\t\t\t\t\t\t\t\t\t<a href=\"tel:+17867053660\">\n\n\t\t\t\t\t\t\t\t\t\t\t<span class=\"elementor-icon-list-text\">T 786 705 3660<\/span>\n\t\t\t\t\t\t\t\t\t\t\t<\/a>\n\t\t\t\t\t\t\t\t\t<\/li>\n\t\t\t\t\t\t\t\t<li class=\"elementor-icon-list-item\">\n\t\t\t\t\t\t\t\t\t\t\t<a href=\"tel:+17867053660\">\n\n\t\t\t\t\t\t\t\t\t\t\t<span class=\"elementor-icon-list-text\">DE SEGUNDA A SEXTA, das 10h \u00e0s 18h<br>S\u00c1BADOS E DOMINGOS, das 11h \u00e0s 17h<\/span>\n\t\t\t\t\t\t\t\t\t\t\t<\/a>\n\t\t\t\t\t\t\t\t\t<\/li>\n\t\t\t\t\t\t<\/ul>\n\t\t\t\t\t\t<\/div>\n\t\t\t\t<\/div>\n\t\t\t\t\t<\/div>\n\t\t<\/div>\n\t\t\t\t\t<\/div>\n\t\t<\/section>\n\t\t\t\t<\/div>\n\t\t","protected":false},"excerpt":{"rendered":"<p>Agradecemos sua visita ao LOFTY LOUNGE As resid\u00eancias do LOFTY Club estabelecem um novo padr\u00e3o de propriedades flex\u00edveis, com um extenso menu de comodidades e servi\u00e7os projetados para aqueles acostumados ao luxo e inspirados pela liberdade de viver o agora. AGENDAR UMA VISITA SALES@LOFTYBRICKELL.COM T 786 705 3660 DE SEGUNDA A SEXTA, das 10h \u00e0s [&hellip;]<\/p>\n","protected":false},"author":1,"featured_media":0,"parent":0,"menu_order":0,"comment_status":"closed","ping_status":"closed","template":"","meta":{"footnotes":"","_links_to":"","_links_to_target":""},"class_list":["post-18937","page","type-page","status-publish","hentry"],"jetpack_sharing_enabled":true,"_links":{"self":[{"href":"https:\/\/loftybrickell.com\/pt-br\/wp-json\/wp\/v2\/pages\/18937","targetHints":{"allow":["GET"]}}],"collection":[{"href":"https:\/\/loftybrickell.com\/pt-br\/wp-json\/wp\/v2\/pages"}],"about":[{"href":"https:\/\/loftybrickell.com\/pt-br\/wp-json\/wp\/v2\/types\/page"}],"author":[{"embeddable":true,"href":"https:\/\/loftybrickell.com\/pt-br\/wp-json\/wp\/v2\/users\/1"}],"replies":[{"embeddable":true,"href":"https:\/\/loftybrickell.com\/pt-br\/wp-json\/wp\/v2\/comments?post=18937"}],"version-history":[{"count":5,"href":"https:\/\/loftybrickell.com\/pt-br\/wp-json\/wp\/v2\/pages\/18937\/revisions"}],"predecessor-version":[{"id":19495,"href":"https:\/\/loftybrickell.com\/pt-br\/wp-json\/wp\/v2\/pages\/18937\/revisions\/19495"}],"wp:attachment":[{"href":"https:\/\/loftybrickell.com\/pt-br\/wp-json\/wp\/v2\/media?parent=18937"}],"curies":[{"name":"wp","href":"https:\/\/api.w.org\/{rel}","templated":true}]}}