{"id":18943,"date":"2022-04-05T18:27:00","date_gmt":"2022-04-05T22:27:00","guid":{"rendered":"https:\/\/loftybrickell.com\/a-marca\/"},"modified":"2022-10-21T14:07:25","modified_gmt":"2022-10-21T18:07:25","slug":"a-marca","status":"publish","type":"page","link":"https:\/\/loftybrickell.com\/pt-br\/a-marca\/","title":{"rendered":"A Marca"},"content":{"rendered":"\t\t<div data-elementor-type=\"wp-page\" data-elementor-id=\"18943\" class=\"elementor elementor-18943 elementor-1081\" data-elementor-post-type=\"page\">\n\t\t\t\t\t\t<section class=\"elementor-section elementor-top-section elementor-element elementor-element-257e416 elementor-section-items-stretch elementor-section-content-bottom section-gutters flush-top elementor-section-height-min-height animated-slow elementor-section-boxed elementor-section-height-default elementor-invisible\" data-id=\"257e416\" data-element_type=\"section\" data-e-type=\"section\" data-settings=\"{&quot;background_background&quot;:&quot;video&quot;,&quot;background_play_on_mobile&quot;:&quot;yes&quot;,&quot;animation&quot;:&quot;fadeIn&quot;,&quot;animation_delay&quot;:100}\">\n\t\t\t\t\t\t<div class=\"elementor-container elementor-column-gap-no\">\n\t\t\t\t\t<div class=\"elementor-column elementor-col-100 elementor-top-column elementor-element elementor-element-e17f86f\" data-id=\"e17f86f\" data-element_type=\"column\" data-e-type=\"column\">\n\t\t\t<div class=\"elementor-widget-wrap elementor-element-populated\">\n\t\t\t\t\t\t<div class=\"elementor-element elementor-element-3b5df7f elementor-widget__width-auto elementor-widget elementor-widget-heading\" data-id=\"3b5df7f\" data-element_type=\"widget\" data-e-type=\"widget\" data-widget_type=\"heading.default\">\n\t\t\t\t<div class=\"elementor-widget-container\">\n\t\t\t\t\t<h3 class=\"elementor-heading-title elementor-size-default\">LOFTY \/&nbsp;<\/h3>\t\t\t\t<\/div>\n\t\t\t\t<\/div>\n\t\t\t\t<div class=\"elementor-element elementor-element-3a2031c elementor-widget__width-auto elementor-widget elementor-widget-heading\" data-id=\"3a2031c\" data-element_type=\"widget\" data-e-type=\"widget\" data-widget_type=\"heading.default\">\n\t\t\t\t<div class=\"elementor-widget-container\">\n\t\t\t\t\t<h3 class=\"elementor-heading-title elementor-size-default\">A Marca<\/h3>\t\t\t\t<\/div>\n\t\t\t\t<\/div>\n\t\t\t\t\t<\/div>\n\t\t<\/div>\n\t\t\t\t\t<\/div>\n\t\t<\/section>\n\t\t\t\t<section class=\"elementor-section elementor-top-section elementor-element elementor-element-2ad5985 elementor-section-full_width elementor-section-height-default elementor-section-height-default\" data-id=\"2ad5985\" data-element_type=\"section\" data-e-type=\"section\">\n\t\t\t\t\t\t<div class=\"elementor-container elementor-column-gap-no\">\n\t\t\t\t\t<div class=\"elementor-column elementor-col-100 elementor-top-column elementor-element elementor-element-1edeaf0\" data-id=\"1edeaf0\" data-element_type=\"column\" data-e-type=\"column\">\n\t\t\t<div class=\"elementor-widget-wrap elementor-element-populated\">\n\t\t\t\t\t\t<div class=\"elementor-element elementor-element-74c05c8 elementor-widget elementor-widget-spacer\" data-id=\"74c05c8\" data-element_type=\"widget\" data-e-type=\"widget\" data-widget_type=\"spacer.default\">\n\t\t\t\t<div class=\"elementor-widget-container\">\n\t\t\t\t\t\t\t<div class=\"elementor-spacer\">\n\t\t\t<div class=\"elementor-spacer-inner\"><\/div>\n\t\t<\/div>\n\t\t\t\t\t\t<\/div>\n\t\t\t\t<\/div>\n\t\t\t\t\t<\/div>\n\t\t<\/div>\n\t\t\t\t\t<\/div>\n\t\t<\/section>\n\t\t\t\t<section class=\"elementor-section elementor-top-section elementor-element elementor-element-bed6b70 content-gutters elementor-section-boxed elementor-section-height-default elementor-section-height-default elementor-invisible\" data-id=\"bed6b70\" data-element_type=\"section\" data-e-type=\"section\" data-settings=\"{&quot;animation&quot;:&quot;fadeInUp&quot;,&quot;animation_delay&quot;:100}\">\n\t\t\t\t\t\t<div class=\"elementor-container elementor-column-gap-no\">\n\t\t\t\t\t<div class=\"elementor-column elementor-col-100 elementor-top-column elementor-element elementor-element-271b2c2\" data-id=\"271b2c2\" data-element_type=\"column\" data-e-type=\"column\">\n\t\t\t<div class=\"elementor-widget-wrap elementor-element-populated\">\n\t\t\t\t\t\t<div class=\"elementor-element elementor-element-5228a59 elementor-widget elementor-widget-heading\" data-id=\"5228a59\" data-element_type=\"widget\" data-e-type=\"widget\" data-widget_type=\"heading.default\">\n\t\t\t\t<div class=\"elementor-widget-container\">\n\t\t\t\t\t<h6 class=\"elementor-heading-title elementor-size-default\">O QUE \u00c9 LOFTY<\/h6>\t\t\t\t<\/div>\n\t\t\t\t<\/div>\n\t\t\t\t<div class=\"elementor-element elementor-element-e3d7632 elementor-widget elementor-widget-heading\" data-id=\"e3d7632\" data-element_type=\"widget\" data-e-type=\"widget\" data-widget_type=\"heading.default\">\n\t\t\t\t<div class=\"elementor-widget-container\">\n\t\t\t\t\t<h3 class=\"elementor-heading-title elementor-size-default\">RESID\u00caNCIAS EXCLUSIVAS.\n<br>ACESSO INTERNO.\n<br>VIDA \u00c0 SUA MANEIRA.<\/h3>\t\t\t\t<\/div>\n\t\t\t\t<\/div>\n\t\t\t\t\t<\/div>\n\t\t<\/div>\n\t\t\t\t\t<\/div>\n\t\t<\/section>\n\t\t\t\t<section class=\"elementor-section elementor-top-section elementor-element elementor-element-dd9240f content-gutters elementor-reverse-mobile elementor-section-boxed elementor-section-height-default elementor-section-height-default\" data-id=\"dd9240f\" data-element_type=\"section\" data-e-type=\"section\">\n\t\t\t\t\t\t<div class=\"elementor-container elementor-column-gap-no\">\n\t\t\t\t\t<div class=\"elementor-column elementor-col-33 elementor-top-column elementor-element elementor-element-d0106c4\" data-id=\"d0106c4\" data-element_type=\"column\" data-e-type=\"column\">\n\t\t\t<div class=\"elementor-widget-wrap elementor-element-populated\">\n\t\t\t\t\t\t<div class=\"elementor-element elementor-element-51b13eb elementor-widget__width-auto elementor-invisible elementor-widget elementor-widget-heading\" data-id=\"51b13eb\" data-element_type=\"widget\" data-e-type=\"widget\" data-settings=\"{&quot;_animation&quot;:&quot;fadeInLeft&quot;}\" data-widget_type=\"heading.default\">\n\t\t\t\t<div class=\"elementor-widget-container\">\n\t\t\t\t\t<h6 class=\"elementor-heading-title elementor-size-default\">Dos criadores da NATIIVO. <br> Uma marca de sucesso especializada em resid\u00eancias 4 estrelas para aluguel de Corto Prazo<\/h6>\t\t\t\t<\/div>\n\t\t\t\t<\/div>\n\t\t\t\t<div class=\"elementor-element elementor-element-94dd716 elementor-widget__width-initial elementor-invisible elementor-widget elementor-widget-text-editor\" data-id=\"94dd716\" data-element_type=\"widget\" data-e-type=\"widget\" data-settings=\"{&quot;_animation&quot;:&quot;fadeInLeft&quot;}\" data-widget_type=\"text-editor.default\">\n\t\t\t\t<div class=\"elementor-widget-container\">\n\t\t\t\t\t\t\t\t\t<h3>Um exclusivo clube de elite onde cada elemento e experi\u00eancia \u00e9 levado ao seu mais alto n\u00edvel.<\/h3>\t\t\t\t\t\t\t\t<\/div>\n\t\t\t\t<\/div>\n\t\t\t\t<div class=\"elementor-element elementor-element-eb21b27 elementor-widget__width-initial elementor-invisible elementor-widget elementor-widget-text-editor\" data-id=\"eb21b27\" data-element_type=\"widget\" data-e-type=\"widget\" data-settings=\"{&quot;_animation&quot;:&quot;fadeInLeft&quot;}\" data-widget_type=\"text-editor.default\">\n\t\t\t\t<div class=\"elementor-widget-container\">\n\t\t\t\t\t\t\t\t\t<p>Oferecemos o status privilegiado e a energia din\u00e2mica de um clube de elite privado, com os servi\u00e7os personalizados e recursos exclusivos aos quais nossos membros est\u00e3o acostumados: uma marina privada, bar na cobertura e piscina com borda infinita, restaurante 5 estrelas com vista para a orla e sistemas de som sem fio SONOS, entre um extenso conjunto de comodidades.<\/p>\t\t\t\t\t\t\t\t<\/div>\n\t\t\t\t<\/div>\n\t\t\t\t<div class=\"elementor-element elementor-element-7d1e7ae elementor-invisible elementor-widget elementor-widget-image\" data-id=\"7d1e7ae\" data-element_type=\"widget\" data-e-type=\"widget\" data-settings=\"{&quot;_animation&quot;:&quot;fadeInUp&quot;,&quot;_animation_delay&quot;:100}\" data-widget_type=\"image.default\">\n\t\t\t\t<div class=\"elementor-widget-container\">\n\t\t\t\t\t\t\t\t\t\t\t\t\t\t\t<img fetchpriority=\"high\" decoding=\"async\" width=\"334\" height=\"398\" src=\"https:\/\/i0.wp.com\/loftybrickell.com\/wp-content\/uploads\/Group-14498.jpg?fit=334%2C398&amp;quality=89&amp;ssl=1\" class=\"attachment-full size-full wp-image-17048\" alt=\"\" srcset=\"https:\/\/i0.wp.com\/loftybrickell.com\/wp-content\/uploads\/Group-14498.jpg?w=334&amp;quality=89&amp;ssl=1 334w, https:\/\/i0.wp.com\/loftybrickell.com\/wp-content\/uploads\/Group-14498.jpg?resize=252%2C300&amp;quality=89&amp;ssl=1 252w\" sizes=\"(max-width: 334px) 100vw, 334px\" \/>\t\t\t\t\t\t\t\t\t\t\t\t\t\t\t<\/div>\n\t\t\t\t<\/div>\n\t\t\t\t\t<\/div>\n\t\t<\/div>\n\t\t\t\t<div class=\"elementor-column elementor-col-66 elementor-top-column elementor-element elementor-element-8837ead\" data-id=\"8837ead\" data-element_type=\"column\" data-e-type=\"column\">\n\t\t\t<div class=\"elementor-widget-wrap elementor-element-populated\">\n\t\t\t\t\t\t<div class=\"elementor-element elementor-element-b87ba74 elementor-invisible elementor-widget elementor-widget-image\" data-id=\"b87ba74\" data-element_type=\"widget\" data-e-type=\"widget\" data-settings=\"{&quot;_animation&quot;:&quot;fadeInUp&quot;,&quot;_animation_delay&quot;:100}\" data-widget_type=\"image.default\">\n\t\t\t\t<div class=\"elementor-widget-container\">\n\t\t\t\t\t\t\t\t\t\t\t\t\t\t\t<img decoding=\"async\" width=\"886\" height=\"1019\" src=\"https:\/\/i0.wp.com\/loftybrickell.com\/wp-content\/uploads\/GettyImages-596432823.jpg?fit=886%2C1019&amp;quality=89&amp;ssl=1\" class=\"attachment-full size-full wp-image-17042\" alt=\"\" srcset=\"https:\/\/i0.wp.com\/loftybrickell.com\/wp-content\/uploads\/GettyImages-596432823.jpg?w=886&amp;quality=89&amp;ssl=1 886w, https:\/\/i0.wp.com\/loftybrickell.com\/wp-content\/uploads\/GettyImages-596432823.jpg?resize=522%2C600&amp;quality=89&amp;ssl=1 522w, https:\/\/i0.wp.com\/loftybrickell.com\/wp-content\/uploads\/GettyImages-596432823.jpg?resize=261%2C300&amp;quality=89&amp;ssl=1 261w, https:\/\/i0.wp.com\/loftybrickell.com\/wp-content\/uploads\/GettyImages-596432823.jpg?resize=768%2C883&amp;quality=89&amp;ssl=1 768w\" sizes=\"(max-width: 800px) 100vw, 800px\" \/>\t\t\t\t\t\t\t\t\t\t\t\t\t\t\t<\/div>\n\t\t\t\t<\/div>\n\t\t\t\t<div class=\"elementor-element elementor-element-fe5baf6 elementor-invisible elementor-widget elementor-widget-image\" data-id=\"fe5baf6\" data-element_type=\"widget\" data-e-type=\"widget\" data-settings=\"{&quot;_animation&quot;:&quot;fadeInUp&quot;,&quot;_animation_delay&quot;:100}\" data-widget_type=\"image.default\">\n\t\t\t\t<div class=\"elementor-widget-container\">\n\t\t\t\t\t\t\t\t\t\t\t\t\t\t\t<img decoding=\"async\" width=\"479\" height=\"291\" src=\"https:\/\/i0.wp.com\/loftybrickell.com\/wp-content\/uploads\/Mask-Group-30.jpg?fit=479%2C291&amp;quality=89&amp;ssl=1\" class=\"attachment-full size-full wp-image-17032\" alt=\"\" srcset=\"https:\/\/i0.wp.com\/loftybrickell.com\/wp-content\/uploads\/Mask-Group-30.jpg?w=479&amp;quality=89&amp;ssl=1 479w, https:\/\/i0.wp.com\/loftybrickell.com\/wp-content\/uploads\/Mask-Group-30.jpg?resize=300%2C182&amp;quality=89&amp;ssl=1 300w\" sizes=\"(max-width: 479px) 100vw, 479px\" \/>\t\t\t\t\t\t\t\t\t\t\t\t\t\t\t<\/div>\n\t\t\t\t<\/div>\n\t\t\t\t\t<\/div>\n\t\t<\/div>\n\t\t\t\t\t<\/div>\n\t\t<\/section>\n\t\t\t\t<section class=\"elementor-section elementor-top-section elementor-element elementor-element-d85d4d0 elementor-section-content-top content-gutters elementor-section-boxed elementor-section-height-default elementor-section-height-default\" data-id=\"d85d4d0\" data-element_type=\"section\" data-e-type=\"section\">\n\t\t\t\t\t\t<div class=\"elementor-container elementor-column-gap-no\">\n\t\t\t\t\t<div class=\"elementor-column elementor-col-66 elementor-top-column elementor-element elementor-element-7f91756 elementor-invisible\" data-id=\"7f91756\" data-element_type=\"column\" data-e-type=\"column\" data-settings=\"{&quot;animation&quot;:&quot;fadeInUp&quot;,&quot;animation_delay&quot;:300}\">\n\t\t\t<div class=\"elementor-widget-wrap elementor-element-populated\">\n\t\t\t\t\t\t<div class=\"elementor-element elementor-element-2159730 elementor-widget elementor-widget-image\" data-id=\"2159730\" data-element_type=\"widget\" data-e-type=\"widget\" data-widget_type=\"image.default\">\n\t\t\t\t<div class=\"elementor-widget-container\">\n\t\t\t\t\t\t\t\t\t\t\t\t\t\t\t<img loading=\"lazy\" decoding=\"async\" width=\"634\" height=\"385\" src=\"https:\/\/i0.wp.com\/loftybrickell.com\/wp-content\/uploads\/20220330_lofty_lifestyle_1819-2.jpg?fit=634%2C385&amp;quality=89&amp;ssl=1\" class=\"attachment-full size-full wp-image-17153\" alt=\"\" srcset=\"https:\/\/i0.wp.com\/loftybrickell.com\/wp-content\/uploads\/20220330_lofty_lifestyle_1819-2.jpg?w=634&amp;quality=89&amp;ssl=1 634w, https:\/\/i0.wp.com\/loftybrickell.com\/wp-content\/uploads\/20220330_lofty_lifestyle_1819-2.jpg?resize=600%2C364&amp;quality=89&amp;ssl=1 600w, https:\/\/i0.wp.com\/loftybrickell.com\/wp-content\/uploads\/20220330_lofty_lifestyle_1819-2.jpg?resize=300%2C182&amp;quality=89&amp;ssl=1 300w\" sizes=\"(max-width: 634px) 100vw, 634px\" \/>\t\t\t\t\t\t\t\t\t\t\t\t\t\t\t<\/div>\n\t\t\t\t<\/div>\n\t\t\t\t\t<\/div>\n\t\t<\/div>\n\t\t\t\t<div class=\"elementor-column elementor-col-33 elementor-top-column elementor-element elementor-element-5b49a60\" data-id=\"5b49a60\" data-element_type=\"column\" data-e-type=\"column\">\n\t\t\t<div class=\"elementor-widget-wrap elementor-element-populated\">\n\t\t\t\t\t\t<div class=\"elementor-element elementor-element-4f53d39 elementor-widget__width-initial elementor-invisible elementor-widget elementor-widget-text-editor\" data-id=\"4f53d39\" data-element_type=\"widget\" data-e-type=\"widget\" data-settings=\"{&quot;_animation&quot;:&quot;fadeInRight&quot;,&quot;_animation_delay&quot;:100}\" data-widget_type=\"text-editor.default\">\n\t\t\t\t<div class=\"elementor-widget-container\">\n\t\t\t\t\t\t\t\t\t<h3>O LOFTY \u00e9 muito mais do que um lar: \u00e9 um destino dos sonhos, um cen\u00e1rio social pr\u00f3spero, um projeto imaculado inspirado com o estilo local e um mundo de experi\u00eancias aonde quer que voc\u00ea v\u00e1.<\/h3>\t\t\t\t\t\t\t\t<\/div>\n\t\t\t\t<\/div>\n\t\t\t\t<div class=\"elementor-element elementor-element-0490a1d elementor-widget__width-initial elementor-invisible elementor-widget elementor-widget-text-editor\" data-id=\"0490a1d\" data-element_type=\"widget\" data-e-type=\"widget\" data-settings=\"{&quot;_animation&quot;:&quot;fadeInRight&quot;,&quot;_animation_delay&quot;:100}\" data-widget_type=\"text-editor.default\">\n\t\t\t\t<div class=\"elementor-widget-container\">\n\t\t\t\t\t\t\t\t\t<p>A vida no LOFTY \u00e9 uma experi\u00eancia imersiva refletida em cada detalhe do projeto. Em cada resid\u00eancia, mesmo os detalhes mais sutis foram selecionados e integrados por um conjunto de designers, artistas e criadores de reputa \u00c7\u00e3o mundial.<\/p>\t\t\t\t\t\t\t\t<\/div>\n\t\t\t\t<\/div>\n\t\t\t\t\t<\/div>\n\t\t<\/div>\n\t\t\t\t\t<\/div>\n\t\t<\/section>\n\t\t\t\t<section class=\"elementor-section elementor-top-section elementor-element elementor-element-8bdfcdb elementor-section-content-top content-gutters elementor-section-boxed elementor-section-height-default elementor-section-height-default\" data-id=\"8bdfcdb\" data-element_type=\"section\" data-e-type=\"section\">\n\t\t\t\t\t\t<div class=\"elementor-container elementor-column-gap-no\">\n\t\t\t\t\t<div class=\"elementor-column elementor-col-66 elementor-top-column elementor-element elementor-element-6525937 elementor-invisible\" data-id=\"6525937\" data-element_type=\"column\" data-e-type=\"column\" data-settings=\"{&quot;animation&quot;:&quot;fadeInUp&quot;}\">\n\t\t\t<div class=\"elementor-widget-wrap elementor-element-populated\">\n\t\t\t\t\t\t<div class=\"elementor-element elementor-element-77e3873 elementor-widget elementor-widget-image\" data-id=\"77e3873\" data-element_type=\"widget\" data-e-type=\"widget\" data-widget_type=\"image.default\">\n\t\t\t\t<div class=\"elementor-widget-container\">\n\t\t\t\t\t\t\t\t\t\t\t\t\t\t\t<img loading=\"lazy\" decoding=\"async\" width=\"334\" height=\"398\" src=\"https:\/\/i0.wp.com\/loftybrickell.com\/wp-content\/uploads\/Group-14497-3.jpg?fit=334%2C398&amp;quality=89&amp;ssl=1\" class=\"attachment-full size-full wp-image-17143\" alt=\"\" srcset=\"https:\/\/i0.wp.com\/loftybrickell.com\/wp-content\/uploads\/Group-14497-3.jpg?w=334&amp;quality=89&amp;ssl=1 334w, https:\/\/i0.wp.com\/loftybrickell.com\/wp-content\/uploads\/Group-14497-3.jpg?resize=252%2C300&amp;quality=89&amp;ssl=1 252w\" sizes=\"(max-width: 334px) 100vw, 334px\" \/>\t\t\t\t\t\t\t\t\t\t\t\t\t\t\t<\/div>\n\t\t\t\t<\/div>\n\t\t\t\t\t<\/div>\n\t\t<\/div>\n\t\t\t\t<div class=\"elementor-column elementor-col-33 elementor-top-column elementor-element elementor-element-f12b13c elementor-invisible\" data-id=\"f12b13c\" data-element_type=\"column\" data-e-type=\"column\" data-settings=\"{&quot;animation&quot;:&quot;fadeInUp&quot;,&quot;animation_delay&quot;:300}\">\n\t\t\t<div class=\"elementor-widget-wrap elementor-element-populated\">\n\t\t\t\t\t\t<div class=\"elementor-element elementor-element-5e6f986 elementor-widget elementor-widget-image\" data-id=\"5e6f986\" data-element_type=\"widget\" data-e-type=\"widget\" data-widget_type=\"image.default\">\n\t\t\t\t<div class=\"elementor-widget-container\">\n\t\t\t\t\t\t\t\t\t\t\t\t\t\t\t<img loading=\"lazy\" decoding=\"async\" width=\"452\" height=\"275\" src=\"https:\/\/i0.wp.com\/loftybrickell.com\/wp-content\/uploads\/Mask-Group-38-2.jpg?fit=452%2C275&amp;quality=89&amp;ssl=1\" class=\"attachment-full size-full wp-image-17155\" alt=\"\" srcset=\"https:\/\/i0.wp.com\/loftybrickell.com\/wp-content\/uploads\/Mask-Group-38-2.jpg?w=452&amp;quality=89&amp;ssl=1 452w, https:\/\/i0.wp.com\/loftybrickell.com\/wp-content\/uploads\/Mask-Group-38-2.jpg?resize=300%2C183&amp;quality=89&amp;ssl=1 300w\" sizes=\"(max-width: 452px) 100vw, 452px\" \/>\t\t\t\t\t\t\t\t\t\t\t\t\t\t\t<\/div>\n\t\t\t\t<\/div>\n\t\t\t\t\t<\/div>\n\t\t<\/div>\n\t\t\t\t\t<\/div>\n\t\t<\/section>\n\t\t\t\t<section class=\"elementor-section elementor-top-section elementor-element elementor-element-71076cc elementor-section-content-top content-gutters elementor-section-boxed elementor-section-height-default elementor-section-height-default\" data-id=\"71076cc\" data-element_type=\"section\" data-e-type=\"section\">\n\t\t\t\t\t\t<div class=\"elementor-container elementor-column-gap-no\">\n\t\t\t\t\t<div class=\"elementor-column elementor-col-66 elementor-top-column elementor-element elementor-element-6808356\" data-id=\"6808356\" data-element_type=\"column\" data-e-type=\"column\">\n\t\t\t<div class=\"elementor-widget-wrap elementor-element-populated\">\n\t\t\t\t\t\t<div class=\"elementor-element elementor-element-9e56810 elementor-invisible elementor-widget elementor-widget-image\" data-id=\"9e56810\" data-element_type=\"widget\" data-e-type=\"widget\" data-settings=\"{&quot;_animation&quot;:&quot;fadeInUp&quot;,&quot;_animation_delay&quot;:100}\" data-widget_type=\"image.default\">\n\t\t\t\t<div class=\"elementor-widget-container\">\n\t\t\t\t\t\t\t\t\t\t\t\t\t\t\t<img loading=\"lazy\" decoding=\"async\" width=\"452\" height=\"275\" src=\"https:\/\/i0.wp.com\/loftybrickell.com\/wp-content\/uploads\/Mask-Group-31-1.jpg?fit=452%2C275&amp;quality=89&amp;ssl=1\" class=\"attachment-full size-full wp-image-17135\" alt=\"\" srcset=\"https:\/\/i0.wp.com\/loftybrickell.com\/wp-content\/uploads\/Mask-Group-31-1.jpg?w=452&amp;quality=89&amp;ssl=1 452w, https:\/\/i0.wp.com\/loftybrickell.com\/wp-content\/uploads\/Mask-Group-31-1.jpg?resize=300%2C183&amp;quality=89&amp;ssl=1 300w\" sizes=\"(max-width: 452px) 100vw, 452px\" \/>\t\t\t\t\t\t\t\t\t\t\t\t\t\t\t<\/div>\n\t\t\t\t<\/div>\n\t\t\t\t\t<\/div>\n\t\t<\/div>\n\t\t\t\t<div class=\"elementor-column elementor-col-33 elementor-top-column elementor-element elementor-element-060717e\" data-id=\"060717e\" data-element_type=\"column\" data-e-type=\"column\">\n\t\t\t<div class=\"elementor-widget-wrap elementor-element-populated\">\n\t\t\t\t\t\t<div class=\"elementor-element elementor-element-ae57d91 elementor-invisible elementor-widget elementor-widget-text-editor\" data-id=\"ae57d91\" data-element_type=\"widget\" data-e-type=\"widget\" data-settings=\"{&quot;_animation&quot;:&quot;fadeInRight&quot;,&quot;_animation_delay&quot;:100}\" data-widget_type=\"text-editor.default\">\n\t\t\t\t<div class=\"elementor-widget-container\">\n\t\t\t\t\t\t\t\t\t<h3>DIN\u00c2MICO<br \/>EXCLUSIVO<br \/>SENSORIAL<br \/>\u00cdNTIMO<br \/>ESPONT\u00c2NEO<br \/>AVENTUREIRO<br \/>GLAMOROSO<br \/>CHIQUE<br \/>INOVADOR<br \/>CONECTADO<br \/>SOCIAL<\/h3>\t\t\t\t\t\t\t\t<\/div>\n\t\t\t\t<\/div>\n\t\t\t\t\t<\/div>\n\t\t<\/div>\n\t\t\t\t\t<\/div>\n\t\t<\/section>\n\t\t\t\t<section class=\"elementor-section elementor-top-section elementor-element elementor-element-bac869f elementor-section-content-top content-gutters elementor-section-boxed elementor-section-height-default elementor-section-height-default\" data-id=\"bac869f\" data-element_type=\"section\" data-e-type=\"section\">\n\t\t\t\t\t\t<div class=\"elementor-container elementor-column-gap-no\">\n\t\t\t\t\t<div class=\"elementor-column elementor-col-66 elementor-top-column elementor-element elementor-element-f7b11ce\" data-id=\"f7b11ce\" data-element_type=\"column\" data-e-type=\"column\">\n\t\t\t<div class=\"elementor-widget-wrap elementor-element-populated\">\n\t\t\t\t\t\t<div class=\"elementor-element elementor-element-c5c41d1 elementor-widget elementor-widget-image\" data-id=\"c5c41d1\" data-element_type=\"widget\" data-e-type=\"widget\" data-settings=\"{&quot;motion_fx_motion_fx_scrolling&quot;:&quot;yes&quot;,&quot;motion_fx_translateY_effect&quot;:&quot;yes&quot;,&quot;motion_fx_translateY_direction&quot;:&quot;negative&quot;,&quot;motion_fx_translateY_speed&quot;:{&quot;unit&quot;:&quot;px&quot;,&quot;size&quot;:2,&quot;sizes&quot;:[]},&quot;motion_fx_devices&quot;:[&quot;desktop&quot;,&quot;laptop&quot;,&quot;tablet&quot;],&quot;motion_fx_translateY_affectedRange&quot;:{&quot;unit&quot;:&quot;%&quot;,&quot;size&quot;:&quot;&quot;,&quot;sizes&quot;:{&quot;start&quot;:0,&quot;end&quot;:100}}}\" data-widget_type=\"image.default\">\n\t\t\t\t<div class=\"elementor-widget-container\">\n\t\t\t\t\t\t\t\t\t\t\t\t\t\t\t<img loading=\"lazy\" decoding=\"async\" width=\"73\" height=\"101\" src=\"https:\/\/loftybrickell.com\/wp-content\/uploads\/logo-mark.svg\" class=\"attachment-full size-full wp-image-16755\" alt=\"\" \/>\t\t\t\t\t\t\t\t\t\t\t\t\t\t\t<\/div>\n\t\t\t\t<\/div>\n\t\t\t\t\t<\/div>\n\t\t<\/div>\n\t\t\t\t<div class=\"elementor-column elementor-col-33 elementor-top-column elementor-element elementor-element-fbf1079 elementor-invisible\" data-id=\"fbf1079\" data-element_type=\"column\" data-e-type=\"column\" data-settings=\"{&quot;animation&quot;:&quot;fadeInUp&quot;,&quot;animation_delay&quot;:100}\">\n\t\t\t<div class=\"elementor-widget-wrap elementor-element-populated\">\n\t\t\t\t\t\t<div class=\"elementor-element elementor-element-a413366 elementor-widget elementor-widget-image\" data-id=\"a413366\" data-element_type=\"widget\" data-e-type=\"widget\" data-widget_type=\"image.default\">\n\t\t\t\t<div class=\"elementor-widget-container\">\n\t\t\t\t\t\t\t\t\t\t\t\t\t\t\t<img loading=\"lazy\" decoding=\"async\" width=\"691\" height=\"824\" src=\"https:\/\/i0.wp.com\/loftybrickell.com\/wp-content\/uploads\/Group-2431-1.jpg?fit=691%2C824&amp;quality=89&amp;ssl=1\" class=\"attachment-full size-full wp-image-17137\" alt=\"\" srcset=\"https:\/\/i0.wp.com\/loftybrickell.com\/wp-content\/uploads\/Group-2431-1.jpg?w=691&amp;quality=89&amp;ssl=1 691w, https:\/\/i0.wp.com\/loftybrickell.com\/wp-content\/uploads\/Group-2431-1.jpg?resize=503%2C600&amp;quality=89&amp;ssl=1 503w, https:\/\/i0.wp.com\/loftybrickell.com\/wp-content\/uploads\/Group-2431-1.jpg?resize=252%2C300&amp;quality=89&amp;ssl=1 252w\" sizes=\"(max-width: 691px) 100vw, 691px\" \/>\t\t\t\t\t\t\t\t\t\t\t\t\t\t\t<\/div>\n\t\t\t\t<\/div>\n\t\t\t\t\t<\/div>\n\t\t<\/div>\n\t\t\t\t\t<\/div>\n\t\t<\/section>\n\t\t\t\t<\/div>\n\t\t","protected":false},"excerpt":{"rendered":"<p>LOFTY \/&nbsp; O QUE \u00c9 LOFTY RESID\u00caNCIAS EXCLUSIVAS. ACESSO INTERNO. VIDA \u00c0 SUA MANEIRA. Dos criadores da NATIIVO. Uma marca de sucesso especializada em resid\u00eancias 4 estrelas para aluguel de Corto Prazo Um exclusivo clube de elite onde cada elemento e experi\u00eancia \u00e9 levado ao seu mais alto n\u00edvel. Oferecemos o status privilegiado e a [&hellip;]<\/p>\n","protected":false},"author":1,"featured_media":17040,"parent":0,"menu_order":0,"comment_status":"closed","ping_status":"closed","template":"","meta":{"footnotes":"","_links_to":"","_links_to_target":""},"class_list":["post-18943","page","type-page","status-publish","has-post-thumbnail","hentry"],"jetpack_sharing_enabled":true,"_links":{"self":[{"href":"https:\/\/loftybrickell.com\/pt-br\/wp-json\/wp\/v2\/pages\/18943","targetHints":{"allow":["GET"]}}],"collection":[{"href":"https:\/\/loftybrickell.com\/pt-br\/wp-json\/wp\/v2\/pages"}],"about":[{"href":"https:\/\/loftybrickell.com\/pt-br\/wp-json\/wp\/v2\/types\/page"}],"author":[{"embeddable":true,"href":"https:\/\/loftybrickell.com\/pt-br\/wp-json\/wp\/v2\/users\/1"}],"replies":[{"embeddable":true,"href":"https:\/\/loftybrickell.com\/pt-br\/wp-json\/wp\/v2\/comments?post=18943"}],"version-history":[{"count":5,"href":"https:\/\/loftybrickell.com\/pt-br\/wp-json\/wp\/v2\/pages\/18943\/revisions"}],"predecessor-version":[{"id":23164,"href":"https:\/\/loftybrickell.com\/pt-br\/wp-json\/wp\/v2\/pages\/18943\/revisions\/23164"}],"wp:featuredmedia":[{"embeddable":true,"href":"https:\/\/loftybrickell.com\/pt-br\/wp-json\/wp\/v2\/media\/17040"}],"wp:attachment":[{"href":"https:\/\/loftybrickell.com\/pt-br\/wp-json\/wp\/v2\/media?parent=18943"}],"curies":[{"name":"wp","href":"https:\/\/api.w.org\/{rel}","templated":true}]}}