{"id":18958,"date":"2022-04-05T18:28:27","date_gmt":"2022-04-05T22:28:27","guid":{"rendered":"https:\/\/loftybrickell.com\/residencias\/"},"modified":"2022-10-21T14:12:45","modified_gmt":"2022-10-21T18:12:45","slug":"residencias","status":"publish","type":"page","link":"https:\/\/loftybrickell.com\/pt-br\/residencias\/","title":{"rendered":"Resid\u00eancias"},"content":{"rendered":"\t\t<div data-elementor-type=\"wp-page\" data-elementor-id=\"18958\" class=\"elementor elementor-18958 elementor-1088\" data-elementor-post-type=\"page\">\n\t\t\t\t\t\t<section class=\"elementor-section elementor-top-section elementor-element elementor-element-5799acb elementor-section-items-stretch elementor-section-content-bottom section-gutters flush-top elementor-section-height-min-height animated-slow elementor-section-boxed elementor-section-height-default elementor-invisible\" data-id=\"5799acb\" data-element_type=\"section\" data-e-type=\"section\" data-settings=\"{&quot;background_background&quot;:&quot;classic&quot;,&quot;animation&quot;:&quot;fadeIn&quot;,&quot;animation_delay&quot;:100}\">\n\t\t\t\t\t\t<div class=\"elementor-container elementor-column-gap-no\">\n\t\t\t\t\t<div class=\"elementor-column elementor-col-100 elementor-top-column elementor-element elementor-element-9d49916\" data-id=\"9d49916\" data-element_type=\"column\" data-e-type=\"column\">\n\t\t\t<div class=\"elementor-widget-wrap elementor-element-populated\">\n\t\t\t\t\t\t<div class=\"elementor-element elementor-element-ab1382c elementor-widget__width-auto elementor-widget elementor-widget-heading\" data-id=\"ab1382c\" data-element_type=\"widget\" data-e-type=\"widget\" data-widget_type=\"heading.default\">\n\t\t\t\t<div class=\"elementor-widget-container\">\n\t\t\t\t\t<h3 class=\"elementor-heading-title elementor-size-default\">LOFTY \/&nbsp;<\/h3>\t\t\t\t<\/div>\n\t\t\t\t<\/div>\n\t\t\t\t<div class=\"elementor-element elementor-element-c0b073e elementor-widget__width-auto elementor-widget elementor-widget-heading\" data-id=\"c0b073e\" data-element_type=\"widget\" data-e-type=\"widget\" data-widget_type=\"heading.default\">\n\t\t\t\t<div class=\"elementor-widget-container\">\n\t\t\t\t\t<h3 class=\"elementor-heading-title elementor-size-default\">Resid\u00eancias<\/h3>\t\t\t\t<\/div>\n\t\t\t\t<\/div>\n\t\t\t\t\t<\/div>\n\t\t<\/div>\n\t\t\t\t\t<\/div>\n\t\t<\/section>\n\t\t\t\t<section class=\"elementor-section elementor-top-section elementor-element elementor-element-ee55e32 elementor-section-full_width elementor-section-height-default elementor-section-height-default\" data-id=\"ee55e32\" data-element_type=\"section\" data-e-type=\"section\">\n\t\t\t\t\t\t<div class=\"elementor-container elementor-column-gap-no\">\n\t\t\t\t\t<div class=\"elementor-column elementor-col-100 elementor-top-column elementor-element elementor-element-1bb5e7c\" data-id=\"1bb5e7c\" data-element_type=\"column\" data-e-type=\"column\">\n\t\t\t<div class=\"elementor-widget-wrap elementor-element-populated\">\n\t\t\t\t\t\t<div class=\"elementor-element elementor-element-aa5636b elementor-widget elementor-widget-spacer\" data-id=\"aa5636b\" data-element_type=\"widget\" data-e-type=\"widget\" data-widget_type=\"spacer.default\">\n\t\t\t\t<div class=\"elementor-widget-container\">\n\t\t\t\t\t\t\t<div class=\"elementor-spacer\">\n\t\t\t<div class=\"elementor-spacer-inner\"><\/div>\n\t\t<\/div>\n\t\t\t\t\t\t<\/div>\n\t\t\t\t<\/div>\n\t\t\t\t\t<\/div>\n\t\t<\/div>\n\t\t\t\t\t<\/div>\n\t\t<\/section>\n\t\t\t\t<section class=\"elementor-section elementor-top-section elementor-element elementor-element-433be90 content-gutters elementor-section-boxed elementor-section-height-default elementor-section-height-default\" data-id=\"433be90\" data-element_type=\"section\" data-e-type=\"section\">\n\t\t\t\t\t\t<div class=\"elementor-container elementor-column-gap-no\">\n\t\t\t\t\t<div class=\"elementor-column elementor-col-100 elementor-top-column elementor-element elementor-element-2d558bd\" data-id=\"2d558bd\" data-element_type=\"column\" data-e-type=\"column\">\n\t\t\t<div class=\"elementor-widget-wrap elementor-element-populated\">\n\t\t\t\t\t\t<div class=\"elementor-element elementor-element-bb18e60 elementor-widget elementor-widget-heading\" data-id=\"bb18e60\" data-element_type=\"widget\" data-e-type=\"widget\" data-widget_type=\"heading.default\">\n\t\t\t\t<div class=\"elementor-widget-container\">\n\t\t\t\t\t<h6 class=\"elementor-heading-title elementor-size-default\">ELEVADO EM TODOS OS SENTIDOS<\/h6>\t\t\t\t<\/div>\n\t\t\t\t<\/div>\n\t\t\t\t<div class=\"elementor-element elementor-element-5df5a79 elementor-widget elementor-widget-heading\" data-id=\"5df5a79\" data-element_type=\"widget\" data-e-type=\"widget\" data-widget_type=\"heading.default\">\n\t\t\t\t<div class=\"elementor-widget-container\">\n\t\t\t\t\t<h3 class=\"elementor-heading-title elementor-size-default\">Estilo de vida Lofty<\/h3>\t\t\t\t<\/div>\n\t\t\t\t<\/div>\n\t\t\t\t<div class=\"elementor-element elementor-element-9c59e12 elementor-widget elementor-widget-image\" data-id=\"9c59e12\" data-element_type=\"widget\" data-e-type=\"widget\" data-widget_type=\"image.default\">\n\t\t\t\t<div class=\"elementor-widget-container\">\n\t\t\t\t\t\t\t\t\t\t\t\t\t\t\t<img fetchpriority=\"high\" decoding=\"async\" width=\"1402\" height=\"790\" src=\"https:\/\/i0.wp.com\/loftybrickell.com\/wp-content\/uploads\/Mask-Group-20-1.jpg?fit=1402%2C790&amp;quality=89&amp;ssl=1\" class=\"attachment-full size-full wp-image-17083\" alt=\"\" srcset=\"https:\/\/i0.wp.com\/loftybrickell.com\/wp-content\/uploads\/Mask-Group-20-1.jpg?w=1402&amp;quality=89&amp;ssl=1 1402w, https:\/\/i0.wp.com\/loftybrickell.com\/wp-content\/uploads\/Mask-Group-20-1.jpg?resize=600%2C338&amp;quality=89&amp;ssl=1 600w, https:\/\/i0.wp.com\/loftybrickell.com\/wp-content\/uploads\/Mask-Group-20-1.jpg?resize=1200%2C676&amp;quality=89&amp;ssl=1 1200w, https:\/\/i0.wp.com\/loftybrickell.com\/wp-content\/uploads\/Mask-Group-20-1.jpg?resize=300%2C169&amp;quality=89&amp;ssl=1 300w, https:\/\/i0.wp.com\/loftybrickell.com\/wp-content\/uploads\/Mask-Group-20-1.jpg?resize=768%2C433&amp;quality=89&amp;ssl=1 768w\" sizes=\"(max-width: 800px) 100vw, 800px\" \/>\t\t\t\t\t\t\t\t\t\t\t\t\t\t\t<\/div>\n\t\t\t\t<\/div>\n\t\t\t\t<div class=\"elementor-element elementor-element-2101cab elementor-widget__width-inherit elementor-widget elementor-widget-heading\" data-id=\"2101cab\" data-element_type=\"widget\" data-e-type=\"widget\" data-widget_type=\"heading.default\">\n\t\t\t\t<div class=\"elementor-widget-container\">\n\t\t\t\t\t<p class=\"elementor-heading-title elementor-size-default\">Produ\u00e7\u00e3o conceitual do artista<\/p>\t\t\t\t<\/div>\n\t\t\t\t<\/div>\n\t\t\t\t\t<\/div>\n\t\t<\/div>\n\t\t\t\t\t<\/div>\n\t\t<\/section>\n\t\t\t\t<section class=\"elementor-section elementor-top-section elementor-element elementor-element-1a15417 elementor-section-content-middle content-gutters elementor-reverse-mobile elementor-section-boxed elementor-section-height-default elementor-section-height-default\" data-id=\"1a15417\" data-element_type=\"section\" data-e-type=\"section\">\n\t\t\t\t\t\t<div class=\"elementor-container elementor-column-gap-no\">\n\t\t\t\t\t<div class=\"elementor-column elementor-col-50 elementor-top-column elementor-element elementor-element-a17907a\" data-id=\"a17907a\" data-element_type=\"column\" data-e-type=\"column\">\n\t\t\t<div class=\"elementor-widget-wrap elementor-element-populated\">\n\t\t\t\t\t\t<div class=\"elementor-element elementor-element-528a89f elementor-widget elementor-widget-image\" data-id=\"528a89f\" data-element_type=\"widget\" data-e-type=\"widget\" data-widget_type=\"image.default\">\n\t\t\t\t<div class=\"elementor-widget-container\">\n\t\t\t\t\t\t\t\t\t\t\t\t\t\t\t<img decoding=\"async\" width=\"694\" height=\"826\" src=\"https:\/\/i0.wp.com\/loftybrickell.com\/wp-content\/uploads\/Mask-Group-25.jpg?fit=694%2C826&amp;quality=89&amp;ssl=1\" class=\"attachment-full size-full wp-image-17000\" alt=\"\" srcset=\"https:\/\/i0.wp.com\/loftybrickell.com\/wp-content\/uploads\/Mask-Group-25.jpg?w=694&amp;quality=89&amp;ssl=1 694w, https:\/\/i0.wp.com\/loftybrickell.com\/wp-content\/uploads\/Mask-Group-25.jpg?resize=504%2C600&amp;quality=89&amp;ssl=1 504w, https:\/\/i0.wp.com\/loftybrickell.com\/wp-content\/uploads\/Mask-Group-25.jpg?resize=252%2C300&amp;quality=89&amp;ssl=1 252w\" sizes=\"(max-width: 694px) 100vw, 694px\" \/>\t\t\t\t\t\t\t\t\t\t\t\t\t\t\t<\/div>\n\t\t\t\t<\/div>\n\t\t\t\t<div class=\"elementor-element elementor-element-10edf98 elementor-widget__width-inherit elementor-widget elementor-widget-heading\" data-id=\"10edf98\" data-element_type=\"widget\" data-e-type=\"widget\" data-widget_type=\"heading.default\">\n\t\t\t\t<div class=\"elementor-widget-container\">\n\t\t\t\t\t<p class=\"elementor-heading-title elementor-size-default\">Produ\u00e7\u00e3o conceitual do artista<\/p>\t\t\t\t<\/div>\n\t\t\t\t<\/div>\n\t\t\t\t\t<\/div>\n\t\t<\/div>\n\t\t\t\t<div class=\"elementor-column elementor-col-50 elementor-top-column elementor-element elementor-element-29d62d2\" data-id=\"29d62d2\" data-element_type=\"column\" data-e-type=\"column\">\n\t\t\t<div class=\"elementor-widget-wrap elementor-element-populated\">\n\t\t\t\t\t\t<div class=\"elementor-element elementor-element-5a24ca3 elementor-widget elementor-widget-text-editor\" data-id=\"5a24ca3\" data-element_type=\"widget\" data-e-type=\"widget\" data-widget_type=\"text-editor.default\">\n\t\t\t\t<div class=\"elementor-widget-container\">\n\t\t\t\t\t\t\t\t\t<h3>Resid\u00eancias de luxo, com acabamento meticuloso para criar ambientes com uma atmosfera cheia de energia e car\u00e1ter l\u00fadico.\u00a0<\/h3><p>O LOFTY oferece uma experi\u00eancia consistentemente impec\u00e1vel, trazendo familiaridade e uma sensa\u00e7\u00e3o de v\u00ednculo com sua resid\u00eancia, independentemente do tamanho e estrutura do projeto. Cada detalhe foi considerado \u2014 da m\u00fasica \u00e0 ilumina\u00e7\u00e3o at\u00e9 \u00e0 mob\u00edlia \u2014 para alcan\u00e7ar perfeita harmonia do ambiente e criar um senso inerente de conforto de um lar<\/p>\t\t\t\t\t\t\t\t<\/div>\n\t\t\t\t<\/div>\n\t\t\t\t\t<\/div>\n\t\t<\/div>\n\t\t\t\t\t<\/div>\n\t\t<\/section>\n\t\t\t\t<section class=\"elementor-section elementor-top-section elementor-element elementor-element-ae4261c elementor-section-content-middle content-gutters elementor-section-boxed elementor-section-height-default elementor-section-height-default\" data-id=\"ae4261c\" data-element_type=\"section\" data-e-type=\"section\">\n\t\t\t\t\t\t<div class=\"elementor-container elementor-column-gap-no\">\n\t\t\t\t\t<div class=\"elementor-column elementor-col-50 elementor-top-column elementor-element elementor-element-a3cdb2d\" data-id=\"a3cdb2d\" data-element_type=\"column\" data-e-type=\"column\">\n\t\t\t<div class=\"elementor-widget-wrap elementor-element-populated\">\n\t\t\t\t\t\t<div class=\"elementor-element elementor-element-8d4a654 elementor-widget elementor-widget-text-editor\" data-id=\"8d4a654\" data-element_type=\"widget\" data-e-type=\"widget\" data-widget_type=\"text-editor.default\">\n\t\t\t\t<div class=\"elementor-widget-container\">\n\t\t\t\t\t\t\t\t\t<p>Cada resid\u00eancia do LOFTY est\u00e1 totalmente pronta e mobiliada, com curadoria art\u00edstica de designers de interiores l\u00edderes do setor da INC. As estruturas s\u00e3o abertas e espa\u00e7osas, com varandas privadas que oferecem vistas panor\u00e2micas do Rio Miami e do horizonte. A altura do teto varia de 9 a 10 p\u00e9s (2,7 a 3,1 m), com portas de vidro do piso ao teto, cozinhas completas com elegantes bancadas de pedra e eletrodom\u00e9sticos de primeira linha. Banheiros inspirados em spas, com pisos e paredes com acabamento personalizado, box de vidro sem moldura e detalhes refinados. E isso \u00e9 apenas o come\u00e7o.<\/p>\t\t\t\t\t\t\t\t<\/div>\n\t\t\t\t<\/div>\n\t\t\t\t\t<\/div>\n\t\t<\/div>\n\t\t\t\t<div class=\"elementor-column elementor-col-50 elementor-top-column elementor-element elementor-element-a446a2a\" data-id=\"a446a2a\" data-element_type=\"column\" data-e-type=\"column\">\n\t\t\t<div class=\"elementor-widget-wrap elementor-element-populated\">\n\t\t\t\t\t\t<div class=\"elementor-element elementor-element-6705c6d elementor-widget elementor-widget-image\" data-id=\"6705c6d\" data-element_type=\"widget\" data-e-type=\"widget\" data-widget_type=\"image.default\">\n\t\t\t\t<div class=\"elementor-widget-container\">\n\t\t\t\t\t\t\t\t\t\t\t\t\t\t\t<img decoding=\"async\" width=\"794\" height=\"945\" src=\"https:\/\/i0.wp.com\/loftybrickell.com\/wp-content\/uploads\/Mask-Group-23.jpg?fit=794%2C945&amp;quality=89&amp;ssl=1\" class=\"attachment-full size-full wp-image-16998\" alt=\"\" srcset=\"https:\/\/i0.wp.com\/loftybrickell.com\/wp-content\/uploads\/Mask-Group-23.jpg?w=794&amp;quality=89&amp;ssl=1 794w, https:\/\/i0.wp.com\/loftybrickell.com\/wp-content\/uploads\/Mask-Group-23.jpg?resize=504%2C600&amp;quality=89&amp;ssl=1 504w, https:\/\/i0.wp.com\/loftybrickell.com\/wp-content\/uploads\/Mask-Group-23.jpg?resize=252%2C300&amp;quality=89&amp;ssl=1 252w, https:\/\/i0.wp.com\/loftybrickell.com\/wp-content\/uploads\/Mask-Group-23.jpg?resize=768%2C914&amp;quality=89&amp;ssl=1 768w\" sizes=\"(max-width: 794px) 100vw, 794px\" \/>\t\t\t\t\t\t\t\t\t\t\t\t\t\t\t<\/div>\n\t\t\t\t<\/div>\n\t\t\t\t<div class=\"elementor-element elementor-element-a845bad elementor-widget__width-inherit elementor-widget elementor-widget-heading\" data-id=\"a845bad\" data-element_type=\"widget\" data-e-type=\"widget\" data-widget_type=\"heading.default\">\n\t\t\t\t<div class=\"elementor-widget-container\">\n\t\t\t\t\t<p class=\"elementor-heading-title elementor-size-default\">Produ\u00e7\u00e3o conceitual do artista<\/p>\t\t\t\t<\/div>\n\t\t\t\t<\/div>\n\t\t\t\t\t<\/div>\n\t\t<\/div>\n\t\t\t\t\t<\/div>\n\t\t<\/section>\n\t\t\t\t<section class=\"elementor-section elementor-top-section elementor-element elementor-element-db3524a elementor-section-content-middle content-gutters elementor-section-boxed elementor-section-height-default elementor-section-height-default\" data-id=\"db3524a\" data-element_type=\"section\" data-e-type=\"section\">\n\t\t\t\t\t\t<div class=\"elementor-container elementor-column-gap-no\">\n\t\t\t\t\t<div class=\"elementor-column elementor-col-50 elementor-top-column elementor-element elementor-element-0dad9d4\" data-id=\"0dad9d4\" data-element_type=\"column\" data-e-type=\"column\">\n\t\t\t<div class=\"elementor-widget-wrap elementor-element-populated\">\n\t\t\t\t\t\t<div class=\"elementor-element elementor-element-a6bec3f elementor-widget elementor-widget-image\" data-id=\"a6bec3f\" data-element_type=\"widget\" data-e-type=\"widget\" data-widget_type=\"image.default\">\n\t\t\t\t<div class=\"elementor-widget-container\">\n\t\t\t\t\t\t\t\t\t\t\t\t\t\t\t<img loading=\"lazy\" decoding=\"async\" width=\"694\" height=\"826\" src=\"https:\/\/i0.wp.com\/loftybrickell.com\/wp-content\/uploads\/Mask-Group-21-2.jpg?fit=694%2C826&amp;quality=89&amp;ssl=1\" class=\"attachment-full size-full wp-image-17079\" alt=\"\" srcset=\"https:\/\/i0.wp.com\/loftybrickell.com\/wp-content\/uploads\/Mask-Group-21-2.jpg?w=694&amp;quality=89&amp;ssl=1 694w, https:\/\/i0.wp.com\/loftybrickell.com\/wp-content\/uploads\/Mask-Group-21-2.jpg?resize=504%2C600&amp;quality=89&amp;ssl=1 504w, https:\/\/i0.wp.com\/loftybrickell.com\/wp-content\/uploads\/Mask-Group-21-2.jpg?resize=252%2C300&amp;quality=89&amp;ssl=1 252w\" sizes=\"(max-width: 694px) 100vw, 694px\" \/>\t\t\t\t\t\t\t\t\t\t\t\t\t\t\t<\/div>\n\t\t\t\t<\/div>\n\t\t\t\t<div class=\"elementor-element elementor-element-45a5a1d elementor-widget__width-inherit elementor-widget elementor-widget-heading\" data-id=\"45a5a1d\" data-element_type=\"widget\" data-e-type=\"widget\" data-widget_type=\"heading.default\">\n\t\t\t\t<div class=\"elementor-widget-container\">\n\t\t\t\t\t<p class=\"elementor-heading-title elementor-size-default\">Produ\u00e7\u00e3o conceitual do artista<\/p>\t\t\t\t<\/div>\n\t\t\t\t<\/div>\n\t\t\t\t\t<\/div>\n\t\t<\/div>\n\t\t\t\t<div class=\"elementor-column elementor-col-50 elementor-top-column elementor-element elementor-element-fe684cd\" data-id=\"fe684cd\" data-element_type=\"column\" data-e-type=\"column\">\n\t\t\t<div class=\"elementor-widget-wrap elementor-element-populated\">\n\t\t\t\t\t\t<div class=\"elementor-element elementor-element-97656a7 elementor-widget elementor-widget-heading\" data-id=\"97656a7\" data-element_type=\"widget\" data-e-type=\"widget\" data-widget_type=\"heading.default\">\n\t\t\t\t<div class=\"elementor-widget-container\">\n\t\t\t\t\t<h6 class=\"elementor-heading-title elementor-size-default\">Plantas<\/h6>\t\t\t\t<\/div>\n\t\t\t\t<\/div>\n\t\t\t\t<div class=\"elementor-element elementor-element-a62d759 elementor-nav-menu--dropdown-none no-underline residences-links elementor-widget__width-initial elementor-widget elementor-widget-nav-menu\" data-id=\"a62d759\" data-element_type=\"widget\" data-e-type=\"widget\" data-settings=\"{&quot;_animation_mobile&quot;:&quot;none&quot;,&quot;layout&quot;:&quot;horizontal&quot;,&quot;submenu_icon&quot;:{&quot;value&quot;:&quot;&lt;svg aria-hidden=\\&quot;true\\&quot; class=\\&quot;e-font-icon-svg e-fas-caret-down\\&quot; viewBox=\\&quot;0 0 320 512\\&quot; xmlns=\\&quot;http:\\\/\\\/www.w3.org\\\/2000\\\/svg\\&quot;&gt;&lt;path d=\\&quot;M31.3 192h257.3c17.8 0 26.7 21.5 14.1 34.1L174.1 354.8c-7.8 7.8-20.5 7.8-28.3 0L17.2 226.1C4.6 213.5 13.5 192 31.3 192z\\&quot;&gt;&lt;\\\/path&gt;&lt;\\\/svg&gt;&quot;,&quot;library&quot;:&quot;fa-solid&quot;}}\" data-widget_type=\"nav-menu.default\">\n\t\t\t\t<div class=\"elementor-widget-container\">\n\t\t\t\t\t\t\t\t<nav aria-label=\"Menu\" class=\"elementor-nav-menu--main elementor-nav-menu__container elementor-nav-menu--layout-horizontal e--pointer-text e--animation-none\">\n\t\t\t\t<ul id=\"menu-1-a62d759\" class=\"elementor-nav-menu\"><li class=\"menu-item menu-item-type-post_type menu-item-object-page menu-item-19154\"><a href=\"https:\/\/loftybrickell.com\/pt-br\/plantas\/estudio\/\" class=\"elementor-item\">Est\u00fadio<\/a><\/li>\n<li class=\"menu-item menu-item-type-post_type menu-item-object-page menu-item-19155\"><a href=\"https:\/\/loftybrickell.com\/pt-br\/plantas\/um-dormitorio\/\" class=\"elementor-item\">Apartamento de um dormit\u00f3rio<\/a><\/li>\n<li class=\"menu-item menu-item-type-post_type menu-item-object-page menu-item-19156\"><a href=\"https:\/\/loftybrickell.com\/pt-br\/plantas\/dois-dormitorios\/\" class=\"elementor-item\">Apartamento de dois dormit\u00f3rios<\/a><\/li>\n<li class=\"menu-item menu-item-type-post_type menu-item-object-page menu-item-19157\"><a href=\"https:\/\/loftybrickell.com\/pt-br\/plantas\/cobertura\/\" class=\"elementor-item\">Cobertura<\/a><\/li>\n<\/ul>\t\t\t<\/nav>\n\t\t\t\t\t\t<nav class=\"elementor-nav-menu--dropdown elementor-nav-menu__container\" aria-hidden=\"true\">\n\t\t\t\t<ul id=\"menu-2-a62d759\" class=\"elementor-nav-menu\"><li class=\"menu-item menu-item-type-post_type menu-item-object-page menu-item-19154\"><a href=\"https:\/\/loftybrickell.com\/pt-br\/plantas\/estudio\/\" class=\"elementor-item\" tabindex=\"-1\">Est\u00fadio<\/a><\/li>\n<li class=\"menu-item menu-item-type-post_type menu-item-object-page menu-item-19155\"><a href=\"https:\/\/loftybrickell.com\/pt-br\/plantas\/um-dormitorio\/\" class=\"elementor-item\" tabindex=\"-1\">Apartamento de um dormit\u00f3rio<\/a><\/li>\n<li class=\"menu-item menu-item-type-post_type menu-item-object-page menu-item-19156\"><a href=\"https:\/\/loftybrickell.com\/pt-br\/plantas\/dois-dormitorios\/\" class=\"elementor-item\" tabindex=\"-1\">Apartamento de dois dormit\u00f3rios<\/a><\/li>\n<li class=\"menu-item menu-item-type-post_type menu-item-object-page menu-item-19157\"><a href=\"https:\/\/loftybrickell.com\/pt-br\/plantas\/cobertura\/\" class=\"elementor-item\" tabindex=\"-1\">Cobertura<\/a><\/li>\n<\/ul>\t\t\t<\/nav>\n\t\t\t\t\t\t<\/div>\n\t\t\t\t<\/div>\n\t\t\t\t<div class=\"elementor-element elementor-element-77c4d89 elementor-widget elementor-widget-button\" data-id=\"77c4d89\" data-element_type=\"widget\" data-e-type=\"widget\" data-widget_type=\"button.default\">\n\t\t\t\t<div class=\"elementor-widget-container\">\n\t\t\t\t\t\t\t\t\t<div class=\"elementor-button-wrapper\">\n\t\t\t\t\t<a class=\"elementor-button elementor-button-link elementor-size-sm\" href=\"https:\/\/lofty.staging.tempurl.host\/pt-br\/solicite-uma-visita\/\">\n\t\t\t\t\t\t<span class=\"elementor-button-content-wrapper\">\n\t\t\t\t\t\t\t\t\t<span class=\"elementor-button-text\">Solicite uma visita<\/span>\n\t\t\t\t\t<\/span>\n\t\t\t\t\t<\/a>\n\t\t\t\t<\/div>\n\t\t\t\t\t\t\t\t<\/div>\n\t\t\t\t<\/div>\n\t\t\t\t\t<\/div>\n\t\t<\/div>\n\t\t\t\t\t<\/div>\n\t\t<\/section>\n\t\t\t\t<section class=\"elementor-section elementor-top-section elementor-element elementor-element-eb1095b content-gutters elementor-section-boxed elementor-section-height-default elementor-section-height-default\" data-id=\"eb1095b\" data-element_type=\"section\" data-e-type=\"section\">\n\t\t\t\t\t\t<div class=\"elementor-container elementor-column-gap-no\">\n\t\t\t\t\t<div class=\"elementor-column elementor-col-100 elementor-top-column elementor-element elementor-element-6bf498c\" data-id=\"6bf498c\" data-element_type=\"column\" data-e-type=\"column\">\n\t\t\t<div class=\"elementor-widget-wrap elementor-element-populated\">\n\t\t\t\t\t\t<div class=\"elementor-element elementor-element-01f7d16 elementor-widget elementor-widget-image\" data-id=\"01f7d16\" data-element_type=\"widget\" data-e-type=\"widget\" data-widget_type=\"image.default\">\n\t\t\t\t<div class=\"elementor-widget-container\">\n\t\t\t\t\t\t\t\t\t\t\t\t\t\t\t<img loading=\"lazy\" decoding=\"async\" width=\"1404\" height=\"790\" src=\"https:\/\/i0.wp.com\/loftybrickell.com\/wp-content\/uploads\/Mask-Group-8-2.jpg?fit=1404%2C790&amp;quality=89&amp;ssl=1\" class=\"attachment-full size-full wp-image-17081\" alt=\"\" srcset=\"https:\/\/i0.wp.com\/loftybrickell.com\/wp-content\/uploads\/Mask-Group-8-2.jpg?w=1404&amp;quality=89&amp;ssl=1 1404w, https:\/\/i0.wp.com\/loftybrickell.com\/wp-content\/uploads\/Mask-Group-8-2.jpg?resize=600%2C338&amp;quality=89&amp;ssl=1 600w, https:\/\/i0.wp.com\/loftybrickell.com\/wp-content\/uploads\/Mask-Group-8-2.jpg?resize=1200%2C675&amp;quality=89&amp;ssl=1 1200w, https:\/\/i0.wp.com\/loftybrickell.com\/wp-content\/uploads\/Mask-Group-8-2.jpg?resize=300%2C169&amp;quality=89&amp;ssl=1 300w, https:\/\/i0.wp.com\/loftybrickell.com\/wp-content\/uploads\/Mask-Group-8-2.jpg?resize=768%2C432&amp;quality=89&amp;ssl=1 768w\" sizes=\"(max-width: 800px) 100vw, 800px\" \/>\t\t\t\t\t\t\t\t\t\t\t\t\t\t\t<\/div>\n\t\t\t\t<\/div>\n\t\t\t\t<div class=\"elementor-element elementor-element-c653880 elementor-widget__width-inherit elementor-widget elementor-widget-heading\" data-id=\"c653880\" data-element_type=\"widget\" data-e-type=\"widget\" data-widget_type=\"heading.default\">\n\t\t\t\t<div class=\"elementor-widget-container\">\n\t\t\t\t\t<p class=\"elementor-heading-title elementor-size-default\">Produ\u00e7\u00e3o conceitual do artista<\/p>\t\t\t\t<\/div>\n\t\t\t\t<\/div>\n\t\t\t\t\t<\/div>\n\t\t<\/div>\n\t\t\t\t\t<\/div>\n\t\t<\/section>\n\t\t\t\t<\/div>\n\t\t","protected":false},"excerpt":{"rendered":"<p>LOFTY \/&nbsp; ELEVADO EM TODOS OS SENTIDOS Estilo de vida Lofty Produ\u00e7\u00e3o conceitual do artista Produ\u00e7\u00e3o conceitual do artista Resid\u00eancias de luxo, com acabamento meticuloso para criar ambientes com uma atmosfera cheia de energia e car\u00e1ter l\u00fadico.\u00a0 O LOFTY oferece uma experi\u00eancia consistentemente impec\u00e1vel, trazendo familiaridade e uma sensa\u00e7\u00e3o de v\u00ednculo com sua resid\u00eancia, independentemente [&hellip;]<\/p>\n","protected":false},"author":1,"featured_media":17719,"parent":0,"menu_order":0,"comment_status":"closed","ping_status":"closed","template":"","meta":{"footnotes":"","_links_to":"","_links_to_target":""},"class_list":["post-18958","page","type-page","status-publish","has-post-thumbnail","hentry"],"jetpack_sharing_enabled":true,"_links":{"self":[{"href":"https:\/\/loftybrickell.com\/pt-br\/wp-json\/wp\/v2\/pages\/18958","targetHints":{"allow":["GET"]}}],"collection":[{"href":"https:\/\/loftybrickell.com\/pt-br\/wp-json\/wp\/v2\/pages"}],"about":[{"href":"https:\/\/loftybrickell.com\/pt-br\/wp-json\/wp\/v2\/types\/page"}],"author":[{"embeddable":true,"href":"https:\/\/loftybrickell.com\/pt-br\/wp-json\/wp\/v2\/users\/1"}],"replies":[{"embeddable":true,"href":"https:\/\/loftybrickell.com\/pt-br\/wp-json\/wp\/v2\/comments?post=18958"}],"version-history":[{"count":5,"href":"https:\/\/loftybrickell.com\/pt-br\/wp-json\/wp\/v2\/pages\/18958\/revisions"}],"predecessor-version":[{"id":23183,"href":"https:\/\/loftybrickell.com\/pt-br\/wp-json\/wp\/v2\/pages\/18958\/revisions\/23183"}],"wp:featuredmedia":[{"embeddable":true,"href":"https:\/\/loftybrickell.com\/pt-br\/wp-json\/wp\/v2\/media\/17719"}],"wp:attachment":[{"href":"https:\/\/loftybrickell.com\/pt-br\/wp-json\/wp\/v2\/media?parent=18958"}],"curies":[{"name":"wp","href":"https:\/\/api.w.org\/{rel}","templated":true}]}}